{"id":7308,"date":"2016-02-02T16:50:50","date_gmt":"2016-02-02T21:50:50","guid":{"rendered":"https:\/\/portesetfenetresdaujourdhui.com\/team\/"},"modified":"2025-12-03T10:50:56","modified_gmt":"2025-12-03T15:50:56","slug":"team","status":"publish","type":"page","link":"https:\/\/portesetfenetresdaujourdhui.com\/en\/team\/","title":{"rendered":"Team"},"content":{"rendered":"<section class=\"l-section wpb_row height_small\"><div class=\"l-section-h i-cf\"><div class=\"g-cols vc_row via_grid cols_2-1 laptops-cols_inherit tablets-cols_inherit mobiles-cols_1 valign_top type_default stacking_default\"><div class=\"wpb_column vc_column_container\"><div class=\"vc_column-inner\"><div class=\"g-cols wpb_row us_custom_eb849559 via_grid cols_3 laptops-cols_inherit tablets-cols_inherit mobiles-cols_1 valign_top type_default stacking_default\" style=\"--columns-gap:3rem;\"><div class=\"wpb_column vc_column_container\"><div class=\"vc_column-inner\"><div class=\"w-vwrapper align_none valign_top\" style=\"--vwrapper-gap:0px\"><p class=\"w-text team-name\"><span class=\"w-text-h\"><span class=\"w-text-value\">Pierre-Jean Racine<\/span><\/span><\/p><p class=\"w-text team-title\"><span class=\"w-text-h\"><span class=\"w-text-value\">President<\/span><\/span><\/p><p class=\"w-text\"><a href=\"mailto:pierre-jean@pfdaujourdhui.com\" class=\"w-text-h\"><span class=\"w-text-value\">pierre-jean@pfdaujourdhui.com<\/span><\/a><\/p><\/div><div class=\"w-separator size_medium\"><\/div><div class=\"w-vwrapper align_none valign_top\" style=\"--vwrapper-gap:0px\"><p class=\"w-text team-name\"><span class=\"w-text-h\"><span class=\"w-text-value\">Michael Gauvin<\/span><\/span><\/p><p class=\"w-text team-title\"><span class=\"w-text-h\"><span class=\"w-text-value\">Sales Representative \u2013 After-Sales Service<\/span><\/span><\/p><p class=\"w-text\"><a href=\"mailto:mgauvin@pfdaujourdhui.com\" class=\"w-text-h\"><span class=\"w-text-value\">mgauvin@pfdaujourdhui.com<\/span><\/a><\/p><\/div><div class=\"w-separator size_medium\"><\/div><div class=\"w-vwrapper align_none valign_top\" style=\"--vwrapper-gap:0px\"><p class=\"w-text team-name\"><span class=\"w-text-h\"><span class=\"w-text-value\">Kim Leveill\u00e9e<\/span><\/span><\/p><p class=\"w-text team-title\"><span class=\"w-text-h\"><span class=\"w-text-value\">Receptionist \u2013 Secretary<\/span><\/span><\/p><p class=\"w-text\"><a href=\"mailto:kim@pfdaujourdhui.com\" class=\"w-text-h\"><span class=\"w-text-value\">kim@pfdaujourdhui.com<\/span><\/a><\/p><\/div><div class=\"w-separator size_medium\"><\/div><div class=\"w-vwrapper align_none valign_top\" style=\"--vwrapper-gap:0px\"><p class=\"w-text team-name\"><span class=\"w-text-h\"><span class=\"w-text-value\">Philippe Lusignan<\/span><\/span><\/p><p class=\"w-text team-title\"><span class=\"w-text-h\"><span class=\"w-text-value\">Marketing<\/span><\/span><\/p><p class=\"w-text\"><a href=\"mailto:plusignan@pfdaujourdhui.com\" class=\"w-text-h\"><span class=\"w-text-value\">plusignan@pfdaujourdhui.com<\/span><\/a><\/p><\/div><\/div><\/div><div class=\"wpb_column vc_column_container\"><div class=\"vc_column-inner\"><div class=\"w-vwrapper align_none valign_top\" style=\"--vwrapper-gap:0px\"><p class=\"w-text team-name\"><span class=\"w-text-h\"><span class=\"w-text-value\">Yvan Racine<\/span><\/span><\/p><p class=\"w-text team-title\"><span class=\"w-text-h\"><span class=\"w-text-value\">Estimator<\/span><\/span><\/p><p class=\"w-text\"><a href=\"mailto:yracine@pfdaujourdhui.com\" class=\"w-text-h\"><span class=\"w-text-value\">yracine@pfdaujourdhui.com<\/span><\/a><\/p><\/div><div class=\"w-separator size_medium\"><\/div><div class=\"w-vwrapper align_none valign_top\" style=\"--vwrapper-gap:0px\"><p class=\"w-text team-name\"><span class=\"w-text-h\"><span class=\"w-text-value\">Nicolas Leboeuf<\/span><\/span><\/p><p class=\"w-text team-title\"><span class=\"w-text-h\"><span class=\"w-text-value\">Sales Representative<\/span><\/span><\/p><p class=\"w-text\"><a href=\"mailto:nleboeuf@pfdaujourdhui.com\" class=\"w-text-h\"><span class=\"w-text-value\">nleboeuf@pfdaujourdhui.com<\/span><\/a><\/p><\/div><div class=\"w-separator size_medium\"><\/div><div class=\"w-vwrapper align_none valign_top\" style=\"--vwrapper-gap:0px\"><p class=\"w-text team-name\"><span class=\"w-text-h\"><span class=\"w-text-value\">Catrine Dubeau Mailhot<\/span><\/span><\/p><p class=\"w-text team-title\"><span class=\"w-text-h\"><span class=\"w-text-value\">Installation Coordinator<\/span><\/span><\/p><p class=\"w-text\"><a href=\"mailto:cdubeau@pfdaujourdhui.com\" class=\"w-text-h\"><span class=\"w-text-value\">cdubeau@pfdaujourdhui.com<\/span><\/a><\/p><\/div><\/div><\/div><div class=\"wpb_column vc_column_container\"><div class=\"vc_column-inner\"><div class=\"w-vwrapper align_none valign_top\" style=\"--vwrapper-gap:0px\"><p class=\"w-text team-name\"><span class=\"w-text-h\"><span class=\"w-text-value\">Chantal Dub\u00e9<\/span><\/span><\/p><p class=\"w-text team-title\"><span class=\"w-text-h\"><span class=\"w-text-value\">Sales Representative<\/span><\/span><\/p><p class=\"w-text\"><a href=\"mailto:cdube@pfdaujourdhui.com\" class=\"w-text-h\"><span class=\"w-text-value\">cdube@pfdaujourdhui.com<\/span><\/a><\/p><\/div><div class=\"w-separator size_medium\"><\/div><div class=\"w-vwrapper align_none valign_top\" style=\"--vwrapper-gap:0px\"><p class=\"w-text team-name\"><span class=\"w-text-h\"><span class=\"w-text-value\">Caroline Casavant<\/span><\/span><\/p><p class=\"w-text team-title\"><span class=\"w-text-h\"><span class=\"w-text-value\">Administrative Assistant \u2013 Accounting<\/span><\/span><\/p><p class=\"w-text\"><a href=\"mailto:ccasavant@pfdaujourdhui.com\" class=\"w-text-h\"><span class=\"w-text-value\">ccasavant@pfdaujourdhui.com<\/span><\/a><\/p><\/div><div class=\"w-separator size_medium\"><\/div><div class=\"w-vwrapper align_none valign_top\" style=\"--vwrapper-gap:0px\"><p class=\"w-text team-name\"><span class=\"w-text-h\"><span class=\"w-text-value\">Claude &#8211; Jacques &#8211; Danick &#8211; Jeremy &#8211; Jonathan &#8211; William<\/span><\/span><\/p><p class=\"w-text team-title\"><span class=\"w-text-h\"><span class=\"w-text-value\">Installation<\/span><\/span><\/p><\/div><\/div><\/div><\/div><\/div><\/div><div class=\"wpb_column vc_column_container\"><div class=\"vc_column-inner\"><div class=\"w-grid us_post_carousel type_carousel layout_gallery_default preload_style_spinner\" id=\"us_post_list_y2f8\" style=\"--gap:0px;\"><style>.layout_gallery_default .w-grid-item-h{}<\/style><div class=\"w-grid-list owl-carousel valign_stretch dotstyle_circle navstyle_circle arrows-ver-pos_middle arrows-hor-pos_on_sides_outside arrows-disabled_hide owl-responsive-2000\" style=\"--transition-duration:500ms;\">\t<article class=\"w-grid-item size_1x1 post-7473 attachment type-attachment status-inherit hentry\" data-id=\"7473\">\r\n\t\t<div class=\"w-grid-item-h\">\r\n\t\t\t\t\t\t<div class=\"w-post-elm post_image usg_post_image_1 stretched\"><img fetchpriority=\"high\" decoding=\"async\" width=\"1639\" height=\"2048\" src=\"https:\/\/portesetfenetresdaujourdhui.com\/wp-content\/uploads\/Photo_Employe.jpg\" class=\"attachment-medium size-medium\" alt=\"\u00c9quipe Portes &amp; Fen\u00eatres d&#039;Aujourd&#039;hui\" srcset=\"https:\/\/portesetfenetresdaujourdhui.com\/wp-content\/uploads\/Photo_Employe.jpg 1639w, https:\/\/portesetfenetresdaujourdhui.com\/wp-content\/uploads\/Photo_Employe-800x1000.jpg 800w\" sizes=\"(max-width: 1639px) 100vw, 1639px\" \/><\/div>\t\t<\/div>\r\n\t\t\t<\/article>\r\n\t<article class=\"w-grid-item size_1x1 post-7483 attachment type-attachment status-inherit hentry\" data-id=\"7483\">\r\n\t\t<div class=\"w-grid-item-h\">\r\n\t\t\t\t\t\t<div class=\"w-post-elm post_image usg_post_image_1 stretched\"><img decoding=\"async\" width=\"960\" height=\"1200\" src=\"https:\/\/portesetfenetresdaujourdhui.com\/wp-content\/uploads\/Photo_Employe_2.jpg\" class=\"attachment-medium size-medium\" alt=\"\u00c9quipe Portes &amp; Fen\u00eatres d&#039;Aujourd&#039;hui\" srcset=\"https:\/\/portesetfenetresdaujourdhui.com\/wp-content\/uploads\/Photo_Employe_2.jpg 960w, https:\/\/portesetfenetresdaujourdhui.com\/wp-content\/uploads\/Photo_Employe_2-800x1000.jpg 800w\" sizes=\"(max-width: 960px) 100vw, 960px\" \/><\/div>\t\t<\/div>\r\n\t\t\t<\/article>\r\n\t<article class=\"w-grid-item size_1x1 post-7484 attachment type-attachment status-inherit hentry\" data-id=\"7484\">\r\n\t\t<div class=\"w-grid-item-h\">\r\n\t\t\t\t\t\t<div class=\"w-post-elm post_image usg_post_image_1 stretched\"><img decoding=\"async\" width=\"960\" height=\"1200\" src=\"https:\/\/portesetfenetresdaujourdhui.com\/wp-content\/uploads\/Photo_Employe_3.jpg\" class=\"attachment-medium size-medium\" alt=\"\u00c9quipe Portes &amp; Fen\u00eatres d&#039;Aujourd&#039;hui\" srcset=\"https:\/\/portesetfenetresdaujourdhui.com\/wp-content\/uploads\/Photo_Employe_3.jpg 960w, https:\/\/portesetfenetresdaujourdhui.com\/wp-content\/uploads\/Photo_Employe_3-800x1000.jpg 800w\" sizes=\"(max-width: 960px) 100vw, 960px\" \/><\/div>\t\t<\/div>\r\n\t\t\t<\/article>\r\n<\/div><div class=\"w-grid-carousel-json hidden\" onclick='return {&quot;carousel_settings&quot;:{&quot;aria_labels&quot;:{&quot;prev&quot;:&quot;Previous&quot;,&quot;next&quot;:&quot;Next&quot;},&quot;autoplayContinual&quot;:false,&quot;autoplayHoverPause&quot;:false,&quot;autoplayTimeout&quot;:5000,&quot;autoWidth&quot;:false,&quot;smartSpeed&quot;:500,&quot;margin&quot;:0,&quot;mouseDrag&quot;:false,&quot;rtl&quot;:false,&quot;slideBy&quot;:&quot;1&quot;,&quot;touchDrag&quot;:false,&quot;slideTransition&quot;:&quot;&quot;,&quot;animateIn&quot;:&quot;fadeIn&quot;,&quot;animateOut&quot;:&quot;fadeOut&quot;,&quot;responsive&quot;:[{&quot;items&quot;:1,&quot;autoplay&quot;:true,&quot;center&quot;:false,&quot;dots&quot;:false,&quot;nav&quot;:false,&quot;autoHeight&quot;:false,&quot;autoWidth&quot;:false,&quot;loop&quot;:false,&quot;stagePadding&quot;:0}]}}'><\/div><\/div><\/div><\/div><\/div><\/div><\/section>\n","protected":false},"excerpt":{"rendered":"","protected":false},"author":1,"featured_media":0,"parent":0,"menu_order":5,"comment_status":"closed","ping_status":"closed","template":"","meta":{"_acf_changed":false,"footnotes":""},"class_list":["post-7308","page","type-page","status-publish","hentry"],"acf":[],"yoast_head":"<!-- This site is optimized with the Yoast SEO plugin v27.4 - https:\/\/yoast.com\/product\/yoast-seo-wordpress\/ -->\n<title>Our team - Portes et Fen\u00eatres D&#039;Aujourd&#039;hui Sherbrooke<\/title>\n<meta name=\"description\" content=\"Meet our team of door and window experts, who stand out as much for the quality of their installations as for their customer service.\" \/>\n<meta name=\"robots\" content=\"index, follow, max-snippet:-1, max-image-preview:large, max-video-preview:-1\" \/>\n<link rel=\"canonical\" href=\"https:\/\/portesetfenetresdaujourdhui.com\/en\/team\/\" \/>\n<meta property=\"og:locale\" content=\"en_US\" \/>\n<meta property=\"og:type\" content=\"article\" \/>\n<meta property=\"og:title\" content=\"Our team - Portes et Fen\u00eatres D&#039;Aujourd&#039;hui Sherbrooke\" \/>\n<meta property=\"og:description\" content=\"Meet our team of door and window experts, who stand out as much for the quality of their installations as for their customer service.\" \/>\n<meta property=\"og:url\" content=\"https:\/\/portesetfenetresdaujourdhui.com\/en\/team\/\" \/>\n<meta property=\"og:site_name\" content=\"Portes et fen\u00eatres d&#039;aujourd&#039;hui | D\u00e9taillant Fenplast Granby, Bromont\" \/>\n<meta property=\"article:publisher\" content=\"https:\/\/www.facebook.com\/Portes-et-Fenetres-DAujourdhui-inc-149018835148991\/\" \/>\n<meta property=\"article:modified_time\" content=\"2025-12-03T15:50:56+00:00\" \/>\n<meta property=\"og:image\" content=\"https:\/\/portesetfenetresdaujourdhui.com\/wp-content\/uploads\/header.jpg\" \/>\n\t<meta property=\"og:image:width\" content=\"1600\" \/>\n\t<meta property=\"og:image:height\" content=\"421\" \/>\n\t<meta property=\"og:image:type\" content=\"image\/jpeg\" \/>\n<meta name=\"twitter:card\" content=\"summary_large_image\" \/>\n<meta name=\"twitter:label1\" content=\"Est. reading time\" \/>\n\t<meta name=\"twitter:data1\" content=\"3 minutes\" \/>\n<script type=\"application\/ld+json\" class=\"yoast-schema-graph\">{\"@context\":\"https:\\\/\\\/schema.org\",\"@graph\":[{\"@type\":\"WebPage\",\"@id\":\"https:\\\/\\\/portesetfenetresdaujourdhui.com\\\/en\\\/team\\\/\",\"url\":\"https:\\\/\\\/portesetfenetresdaujourdhui.com\\\/en\\\/team\\\/\",\"name\":\"Our team - Portes et Fen\u00eatres D'Aujourd'hui Sherbrooke\",\"isPartOf\":{\"@id\":\"https:\\\/\\\/portesetfenetresdaujourdhui.com\\\/en\\\/#website\"},\"datePublished\":\"2016-02-02T21:50:50+00:00\",\"dateModified\":\"2025-12-03T15:50:56+00:00\",\"description\":\"Meet our team of door and window experts, who stand out as much for the quality of their installations as for their customer service.\",\"breadcrumb\":{\"@id\":\"https:\\\/\\\/portesetfenetresdaujourdhui.com\\\/en\\\/team\\\/#breadcrumb\"},\"inLanguage\":\"en-CA\",\"potentialAction\":[{\"@type\":\"ReadAction\",\"target\":[\"https:\\\/\\\/portesetfenetresdaujourdhui.com\\\/en\\\/team\\\/\"]}]},{\"@type\":\"BreadcrumbList\",\"@id\":\"https:\\\/\\\/portesetfenetresdaujourdhui.com\\\/en\\\/team\\\/#breadcrumb\",\"itemListElement\":[{\"@type\":\"ListItem\",\"position\":1,\"name\":\"Accueil\",\"item\":\"https:\\\/\\\/portesetfenetresdaujourdhui.com\\\/en\\\/home\\\/\"},{\"@type\":\"ListItem\",\"position\":2,\"name\":\"Team\"}]},{\"@type\":\"WebSite\",\"@id\":\"https:\\\/\\\/portesetfenetresdaujourdhui.com\\\/en\\\/#website\",\"url\":\"https:\\\/\\\/portesetfenetresdaujourdhui.com\\\/en\\\/\",\"name\":\"Portes et fen\u00eatres d&#039;aujourd&#039;hui | D\u00e9taillant Fenplast Granby, Bromont\",\"description\":\"Vente et installation de portes et fen\u00eatres\",\"publisher\":{\"@id\":\"https:\\\/\\\/portesetfenetresdaujourdhui.com\\\/en\\\/#organization\"},\"potentialAction\":[{\"@type\":\"SearchAction\",\"target\":{\"@type\":\"EntryPoint\",\"urlTemplate\":\"https:\\\/\\\/portesetfenetresdaujourdhui.com\\\/en\\\/?s={search_term_string}\"},\"query-input\":{\"@type\":\"PropertyValueSpecification\",\"valueRequired\":true,\"valueName\":\"search_term_string\"}}],\"inLanguage\":\"en-CA\"},{\"@type\":\"Organization\",\"@id\":\"https:\\\/\\\/portesetfenetresdaujourdhui.com\\\/en\\\/#organization\",\"name\":\"Portes & Fen\u00eatres D'Aujourd'hui inc.\",\"url\":\"https:\\\/\\\/portesetfenetresdaujourdhui.com\\\/en\\\/\",\"logo\":{\"@type\":\"ImageObject\",\"inLanguage\":\"en-CA\",\"@id\":\"https:\\\/\\\/portesetfenetresdaujourdhui.com\\\/en\\\/#\\\/schema\\\/logo\\\/image\\\/\",\"url\":\"https:\\\/\\\/portesetfenetresdaujourdhui.com\\\/wp-content\\\/uploads\\\/logo-portes-fenetres-aujourdhui.png\",\"contentUrl\":\"https:\\\/\\\/portesetfenetresdaujourdhui.com\\\/wp-content\\\/uploads\\\/logo-portes-fenetres-aujourdhui.png\",\"width\":459,\"height\":89,\"caption\":\"Portes & Fen\u00eatres D'Aujourd'hui inc.\"},\"image\":{\"@id\":\"https:\\\/\\\/portesetfenetresdaujourdhui.com\\\/en\\\/#\\\/schema\\\/logo\\\/image\\\/\"},\"sameAs\":[\"https:\\\/\\\/www.facebook.com\\\/Portes-et-Fenetres-DAujourdhui-inc-149018835148991\\\/\"]}]}<\/script>\n<!-- \/ Yoast SEO plugin. -->","yoast_head_json":{"title":"Our team - Portes et Fen\u00eatres D'Aujourd'hui Sherbrooke","description":"Meet our team of door and window experts, who stand out as much for the quality of their installations as for their customer service.","robots":{"index":"index","follow":"follow","max-snippet":"max-snippet:-1","max-image-preview":"max-image-preview:large","max-video-preview":"max-video-preview:-1"},"canonical":"https:\/\/portesetfenetresdaujourdhui.com\/en\/team\/","og_locale":"en_US","og_type":"article","og_title":"Our team - Portes et Fen\u00eatres D'Aujourd'hui Sherbrooke","og_description":"Meet our team of door and window experts, who stand out as much for the quality of their installations as for their customer service.","og_url":"https:\/\/portesetfenetresdaujourdhui.com\/en\/team\/","og_site_name":"Portes et fen\u00eatres d&#039;aujourd&#039;hui | D\u00e9taillant Fenplast Granby, Bromont","article_publisher":"https:\/\/www.facebook.com\/Portes-et-Fenetres-DAujourdhui-inc-149018835148991\/","article_modified_time":"2025-12-03T15:50:56+00:00","og_image":[{"width":1600,"height":421,"url":"https:\/\/portesetfenetresdaujourdhui.com\/wp-content\/uploads\/header.jpg","type":"image\/jpeg"}],"twitter_card":"summary_large_image","twitter_misc":{"Est. reading time":"3 minutes"},"schema":{"@context":"https:\/\/schema.org","@graph":[{"@type":"WebPage","@id":"https:\/\/portesetfenetresdaujourdhui.com\/en\/team\/","url":"https:\/\/portesetfenetresdaujourdhui.com\/en\/team\/","name":"Our team - Portes et Fen\u00eatres D'Aujourd'hui Sherbrooke","isPartOf":{"@id":"https:\/\/portesetfenetresdaujourdhui.com\/en\/#website"},"datePublished":"2016-02-02T21:50:50+00:00","dateModified":"2025-12-03T15:50:56+00:00","description":"Meet our team of door and window experts, who stand out as much for the quality of their installations as for their customer service.","breadcrumb":{"@id":"https:\/\/portesetfenetresdaujourdhui.com\/en\/team\/#breadcrumb"},"inLanguage":"en-CA","potentialAction":[{"@type":"ReadAction","target":["https:\/\/portesetfenetresdaujourdhui.com\/en\/team\/"]}]},{"@type":"BreadcrumbList","@id":"https:\/\/portesetfenetresdaujourdhui.com\/en\/team\/#breadcrumb","itemListElement":[{"@type":"ListItem","position":1,"name":"Accueil","item":"https:\/\/portesetfenetresdaujourdhui.com\/en\/home\/"},{"@type":"ListItem","position":2,"name":"Team"}]},{"@type":"WebSite","@id":"https:\/\/portesetfenetresdaujourdhui.com\/en\/#website","url":"https:\/\/portesetfenetresdaujourdhui.com\/en\/","name":"Portes et fen\u00eatres d&#039;aujourd&#039;hui | D\u00e9taillant Fenplast Granby, Bromont","description":"Vente et installation de portes et fen\u00eatres","publisher":{"@id":"https:\/\/portesetfenetresdaujourdhui.com\/en\/#organization"},"potentialAction":[{"@type":"SearchAction","target":{"@type":"EntryPoint","urlTemplate":"https:\/\/portesetfenetresdaujourdhui.com\/en\/?s={search_term_string}"},"query-input":{"@type":"PropertyValueSpecification","valueRequired":true,"valueName":"search_term_string"}}],"inLanguage":"en-CA"},{"@type":"Organization","@id":"https:\/\/portesetfenetresdaujourdhui.com\/en\/#organization","name":"Portes & Fen\u00eatres D'Aujourd'hui inc.","url":"https:\/\/portesetfenetresdaujourdhui.com\/en\/","logo":{"@type":"ImageObject","inLanguage":"en-CA","@id":"https:\/\/portesetfenetresdaujourdhui.com\/en\/#\/schema\/logo\/image\/","url":"https:\/\/portesetfenetresdaujourdhui.com\/wp-content\/uploads\/logo-portes-fenetres-aujourdhui.png","contentUrl":"https:\/\/portesetfenetresdaujourdhui.com\/wp-content\/uploads\/logo-portes-fenetres-aujourdhui.png","width":459,"height":89,"caption":"Portes & Fen\u00eatres D'Aujourd'hui inc."},"image":{"@id":"https:\/\/portesetfenetresdaujourdhui.com\/en\/#\/schema\/logo\/image\/"},"sameAs":["https:\/\/www.facebook.com\/Portes-et-Fenetres-DAujourdhui-inc-149018835148991\/"]}]}},"_links":{"self":[{"href":"https:\/\/portesetfenetresdaujourdhui.com\/en\/wp-json\/wp\/v2\/pages\/7308","targetHints":{"allow":["GET"]}}],"collection":[{"href":"https:\/\/portesetfenetresdaujourdhui.com\/en\/wp-json\/wp\/v2\/pages"}],"about":[{"href":"https:\/\/portesetfenetresdaujourdhui.com\/en\/wp-json\/wp\/v2\/types\/page"}],"author":[{"embeddable":true,"href":"https:\/\/portesetfenetresdaujourdhui.com\/en\/wp-json\/wp\/v2\/users\/1"}],"replies":[{"embeddable":true,"href":"https:\/\/portesetfenetresdaujourdhui.com\/en\/wp-json\/wp\/v2\/comments?post=7308"}],"version-history":[{"count":3,"href":"https:\/\/portesetfenetresdaujourdhui.com\/en\/wp-json\/wp\/v2\/pages\/7308\/revisions"}],"predecessor-version":[{"id":8859,"href":"https:\/\/portesetfenetresdaujourdhui.com\/en\/wp-json\/wp\/v2\/pages\/7308\/revisions\/8859"}],"wp:attachment":[{"href":"https:\/\/portesetfenetresdaujourdhui.com\/en\/wp-json\/wp\/v2\/media?parent=7308"}],"curies":[{"name":"wp","href":"https:\/\/api.w.org\/{rel}","templated":true}]}}