{"id":7535,"date":"2016-02-03T16:43:32","date_gmt":"2016-02-03T21:43:32","guid":{"rendered":"https:\/\/portesetfenetresdaujourdhui.com\/our-story\/"},"modified":"2025-11-27T09:01:56","modified_gmt":"2025-11-27T14:01:56","slug":"our-story","status":"publish","type":"page","link":"https:\/\/portesetfenetresdaujourdhui.com\/en\/our-story\/","title":{"rendered":"Our Story"},"content":{"rendered":"<section class=\"l-section wpb_row height_small\"><div class=\"l-section-h i-cf\"><div class=\"g-cols vc_row via_grid cols_1 laptops-cols_inherit tablets-cols_inherit mobiles-cols_1 valign_top type_default stacking_default\"><div class=\"wpb_column vc_column_container\"><div class=\"vc_column-inner\"><div class=\"w-iconbox iconpos_left style_circle color_primary align_left\"><div class=\"w-iconbox-icon\" style=\"font-size:2rem;\"><i class=\"fas fa-home\"><\/i><\/div><div class=\"w-iconbox-meta\"><h4 class=\"w-iconbox-title\">1991<\/h4><div class=\"w-iconbox-text\"><p>Portes &amp; Fen\u00eatres d\u2019Aujourd\u2019hui, founded in 1991 by Yvan Racine and Micheline Lussier, is a distributor of PVC-Hybrid Fenplast doors and windows, as well as aluminum and wood.<\/p>\n<\/div><\/div><\/div><div class=\"w-separator size_medium\"><\/div><div class=\"w-iconbox iconpos_left style_circle color_primary align_left\"><div class=\"w-iconbox-icon\" style=\"font-size:2rem;\"><i class=\"fas fa-thumbs-up\"><\/i><\/div><div class=\"w-iconbox-meta\"><h4 class=\"w-iconbox-title\">2007<\/h4><div class=\"w-iconbox-text\"><p>In 2007, their son Pierre-Jean Racine joined them, bringing new passion and new ideas to better serve our customers.<\/p>\n<p>This new direction allowed us to put our expertise at the forefront, offering advice tailored to your reality. We are dedicated to finding practical, economical, and suitable solutions for your needs.<\/p>\n<p>Our range of windows includes <a href=\"https:\/\/portesetfenetresdaujourdhui.com\/nos-produits\/nos-fenetres-granby\/fenetre-a-battant-ou-auvent\/\">casement<\/a>, <a href=\"https:\/\/portesetfenetresdaujourdhui.com\/nos-produits\/nos-fenetres-granby\/fenetre-a-battant-ou-auvent\/\">awning<\/a>, <a href=\"https:\/\/portesetfenetresdaujourdhui.com\/nos-produits\/nos-fenetres-granby\/fenetre-a-guillotine\/\" target=\"_blank\" rel=\"noopener noreferrer\">double-hung<\/a> and <a href=\"https:\/\/portesetfenetresdaujourdhui.com\/nos-produits\/nos-fenetres-granby\/fenetre-coulissante\/\" target=\"_blank\" rel=\"noopener noreferrer\">sliding windows<\/a>. We also offer a variety of <a href=\"https:\/\/portesetfenetresdaujourdhui.com\/nos-produits\/nos-portes-granby\/\" target=\"_blank\" rel=\"noopener noreferrer\">steel entry doors, wood doors<\/a>, as well as patio doors in PVC Calopatio Fenplast, aluminum, and wood.<\/p>\n<p><strong>Always striving to offer you the best quality, our products meet <em>EnergyStar<\/em> and <em>Novoclimat<\/em> standards for both new construction and renovation markets, with a lifetime warranty on Fenplast products.<\/strong><\/p>\n<p>Our highly diverse clientele consists of contractors, families, and young couples from all around the region. Portes &amp; Fen\u00eatres d&#8217;Aujourd&#8217;hui is proud to be a local partner, directly contributing to the economic development of its environment.<\/p>\n<\/div><\/div><\/div><div class=\"w-separator size_medium\"><\/div><div class=\"w-iconbox iconpos_left style_circle color_primary align_left\"><div class=\"w-iconbox-icon\" style=\"font-size:2rem;\"><i class=\"fas fa-heart\"><\/i><\/div><div class=\"w-iconbox-meta\"><h4 class=\"w-iconbox-title\">Today<\/h4><div class=\"w-iconbox-text\"><p>Since its founding, Portes &amp; Fen\u00eatres d&#8217;Aujourd&#8217;hui has continually improved and evolved with the sole objective of satisfying its customers, enabling us to deliver excellence day after day.<\/p>\n<p>Portes &amp; Fen\u00eatres d&#8217;Aujourd&#8217;hui is renowned for its excellence, both in product quality and personalized service, the expertise of its staff, and the quality of installation for a very long time.<\/p>\n<\/div><\/div><\/div><\/div><\/div><\/div><\/div><\/section>\n","protected":false},"excerpt":{"rendered":"1991Portes &amp; Fen\u00eatres d\u2019Aujourd\u2019hui, founded in 1991 by Yvan Racine and Micheline Lussier, is a distributor of PVC-Hybrid Fenplast doors and windows, as well as aluminum and wood. 2007In 2007, their son Pierre-Jean Racine joined them, bringing new passion and new ideas to better serve our customers. This new direction allowed us to put our...","protected":false},"author":1,"featured_media":0,"parent":0,"menu_order":1,"comment_status":"closed","ping_status":"closed","template":"","meta":{"_acf_changed":false,"footnotes":""},"class_list":["post-7535","page","type-page","status-publish","hentry"],"acf":[],"yoast_head":"<!-- This site is optimized with the Yoast SEO plugin v27.4 - https:\/\/yoast.com\/product\/yoast-seo-wordpress\/ -->\n<title>About us - Portes &amp; Fen\u00eatres d\u2019Aujourd\u2019hui since 1991<\/title>\n<meta name=\"description\" content=\"Portes et Fen\u00eatres D\u2019Aujourd\u2019hui is a family-owned business, founded in 1991 by Yvan Racine and Micheline Lussier from Granby.\" \/>\n<meta name=\"robots\" content=\"index, follow, max-snippet:-1, max-image-preview:large, max-video-preview:-1\" \/>\n<link rel=\"canonical\" href=\"https:\/\/portesetfenetresdaujourdhui.com\/en\/our-story\/\" \/>\n<meta property=\"og:locale\" content=\"en_US\" \/>\n<meta property=\"og:type\" content=\"article\" \/>\n<meta property=\"og:title\" content=\"About us - Portes &amp; Fen\u00eatres d\u2019Aujourd\u2019hui since 1991\" \/>\n<meta property=\"og:description\" content=\"Portes et Fen\u00eatres D\u2019Aujourd\u2019hui is a family-owned business, founded in 1991 by Yvan Racine and Micheline Lussier from Granby.\" \/>\n<meta property=\"og:url\" content=\"https:\/\/portesetfenetresdaujourdhui.com\/en\/our-story\/\" \/>\n<meta property=\"og:site_name\" content=\"Portes et fen\u00eatres d&#039;aujourd&#039;hui | D\u00e9taillant Fenplast Granby, Bromont\" \/>\n<meta property=\"article:publisher\" content=\"https:\/\/www.facebook.com\/Portes-et-Fenetres-DAujourdhui-inc-149018835148991\/\" \/>\n<meta property=\"article:modified_time\" content=\"2025-11-27T14:01:56+00:00\" \/>\n<meta property=\"og:image\" content=\"https:\/\/portesetfenetresdaujourdhui.com\/wp-content\/uploads\/header.jpg\" \/>\n\t<meta property=\"og:image:width\" content=\"1600\" \/>\n\t<meta property=\"og:image:height\" content=\"421\" \/>\n\t<meta property=\"og:image:type\" content=\"image\/jpeg\" \/>\n<meta name=\"twitter:card\" content=\"summary_large_image\" \/>\n<meta name=\"twitter:label1\" content=\"Est. reading time\" \/>\n\t<meta name=\"twitter:data1\" content=\"2 minutes\" \/>\n<script type=\"application\/ld+json\" class=\"yoast-schema-graph\">{\"@context\":\"https:\\\/\\\/schema.org\",\"@graph\":[{\"@type\":\"WebPage\",\"@id\":\"https:\\\/\\\/portesetfenetresdaujourdhui.com\\\/en\\\/our-story\\\/\",\"url\":\"https:\\\/\\\/portesetfenetresdaujourdhui.com\\\/en\\\/our-story\\\/\",\"name\":\"About us - Portes & Fen\u00eatres d\u2019Aujourd\u2019hui since 1991\",\"isPartOf\":{\"@id\":\"https:\\\/\\\/portesetfenetresdaujourdhui.com\\\/en\\\/#website\"},\"datePublished\":\"2016-02-03T21:43:32+00:00\",\"dateModified\":\"2025-11-27T14:01:56+00:00\",\"description\":\"Portes et Fen\u00eatres D\u2019Aujourd\u2019hui is a family-owned business, founded in 1991 by Yvan Racine and Micheline Lussier from Granby.\",\"breadcrumb\":{\"@id\":\"https:\\\/\\\/portesetfenetresdaujourdhui.com\\\/en\\\/our-story\\\/#breadcrumb\"},\"inLanguage\":\"en-CA\",\"potentialAction\":[{\"@type\":\"ReadAction\",\"target\":[\"https:\\\/\\\/portesetfenetresdaujourdhui.com\\\/en\\\/our-story\\\/\"]}]},{\"@type\":\"BreadcrumbList\",\"@id\":\"https:\\\/\\\/portesetfenetresdaujourdhui.com\\\/en\\\/our-story\\\/#breadcrumb\",\"itemListElement\":[{\"@type\":\"ListItem\",\"position\":1,\"name\":\"Accueil\",\"item\":\"https:\\\/\\\/portesetfenetresdaujourdhui.com\\\/en\\\/home\\\/\"},{\"@type\":\"ListItem\",\"position\":2,\"name\":\"Our Story\"}]},{\"@type\":\"WebSite\",\"@id\":\"https:\\\/\\\/portesetfenetresdaujourdhui.com\\\/en\\\/#website\",\"url\":\"https:\\\/\\\/portesetfenetresdaujourdhui.com\\\/en\\\/\",\"name\":\"Portes et fen\u00eatres d&#039;aujourd&#039;hui | D\u00e9taillant Fenplast Granby, Bromont\",\"description\":\"Vente et installation de portes et fen\u00eatres\",\"publisher\":{\"@id\":\"https:\\\/\\\/portesetfenetresdaujourdhui.com\\\/en\\\/#organization\"},\"potentialAction\":[{\"@type\":\"SearchAction\",\"target\":{\"@type\":\"EntryPoint\",\"urlTemplate\":\"https:\\\/\\\/portesetfenetresdaujourdhui.com\\\/en\\\/?s={search_term_string}\"},\"query-input\":{\"@type\":\"PropertyValueSpecification\",\"valueRequired\":true,\"valueName\":\"search_term_string\"}}],\"inLanguage\":\"en-CA\"},{\"@type\":\"Organization\",\"@id\":\"https:\\\/\\\/portesetfenetresdaujourdhui.com\\\/en\\\/#organization\",\"name\":\"Portes & Fen\u00eatres D'Aujourd'hui inc.\",\"url\":\"https:\\\/\\\/portesetfenetresdaujourdhui.com\\\/en\\\/\",\"logo\":{\"@type\":\"ImageObject\",\"inLanguage\":\"en-CA\",\"@id\":\"https:\\\/\\\/portesetfenetresdaujourdhui.com\\\/en\\\/#\\\/schema\\\/logo\\\/image\\\/\",\"url\":\"https:\\\/\\\/portesetfenetresdaujourdhui.com\\\/wp-content\\\/uploads\\\/logo-portes-fenetres-aujourdhui.png\",\"contentUrl\":\"https:\\\/\\\/portesetfenetresdaujourdhui.com\\\/wp-content\\\/uploads\\\/logo-portes-fenetres-aujourdhui.png\",\"width\":459,\"height\":89,\"caption\":\"Portes & Fen\u00eatres D'Aujourd'hui inc.\"},\"image\":{\"@id\":\"https:\\\/\\\/portesetfenetresdaujourdhui.com\\\/en\\\/#\\\/schema\\\/logo\\\/image\\\/\"},\"sameAs\":[\"https:\\\/\\\/www.facebook.com\\\/Portes-et-Fenetres-DAujourdhui-inc-149018835148991\\\/\"]}]}<\/script>\n<!-- \/ Yoast SEO plugin. -->","yoast_head_json":{"title":"About us - Portes & Fen\u00eatres d\u2019Aujourd\u2019hui since 1991","description":"Portes et Fen\u00eatres D\u2019Aujourd\u2019hui is a family-owned business, founded in 1991 by Yvan Racine and Micheline Lussier from Granby.","robots":{"index":"index","follow":"follow","max-snippet":"max-snippet:-1","max-image-preview":"max-image-preview:large","max-video-preview":"max-video-preview:-1"},"canonical":"https:\/\/portesetfenetresdaujourdhui.com\/en\/our-story\/","og_locale":"en_US","og_type":"article","og_title":"About us - Portes & Fen\u00eatres d\u2019Aujourd\u2019hui since 1991","og_description":"Portes et Fen\u00eatres D\u2019Aujourd\u2019hui is a family-owned business, founded in 1991 by Yvan Racine and Micheline Lussier from Granby.","og_url":"https:\/\/portesetfenetresdaujourdhui.com\/en\/our-story\/","og_site_name":"Portes et fen\u00eatres d&#039;aujourd&#039;hui | D\u00e9taillant Fenplast Granby, Bromont","article_publisher":"https:\/\/www.facebook.com\/Portes-et-Fenetres-DAujourdhui-inc-149018835148991\/","article_modified_time":"2025-11-27T14:01:56+00:00","og_image":[{"width":1600,"height":421,"url":"https:\/\/portesetfenetresdaujourdhui.com\/wp-content\/uploads\/header.jpg","type":"image\/jpeg"}],"twitter_card":"summary_large_image","twitter_misc":{"Est. reading time":"2 minutes"},"schema":{"@context":"https:\/\/schema.org","@graph":[{"@type":"WebPage","@id":"https:\/\/portesetfenetresdaujourdhui.com\/en\/our-story\/","url":"https:\/\/portesetfenetresdaujourdhui.com\/en\/our-story\/","name":"About us - Portes & Fen\u00eatres d\u2019Aujourd\u2019hui since 1991","isPartOf":{"@id":"https:\/\/portesetfenetresdaujourdhui.com\/en\/#website"},"datePublished":"2016-02-03T21:43:32+00:00","dateModified":"2025-11-27T14:01:56+00:00","description":"Portes et Fen\u00eatres D\u2019Aujourd\u2019hui is a family-owned business, founded in 1991 by Yvan Racine and Micheline Lussier from Granby.","breadcrumb":{"@id":"https:\/\/portesetfenetresdaujourdhui.com\/en\/our-story\/#breadcrumb"},"inLanguage":"en-CA","potentialAction":[{"@type":"ReadAction","target":["https:\/\/portesetfenetresdaujourdhui.com\/en\/our-story\/"]}]},{"@type":"BreadcrumbList","@id":"https:\/\/portesetfenetresdaujourdhui.com\/en\/our-story\/#breadcrumb","itemListElement":[{"@type":"ListItem","position":1,"name":"Accueil","item":"https:\/\/portesetfenetresdaujourdhui.com\/en\/home\/"},{"@type":"ListItem","position":2,"name":"Our Story"}]},{"@type":"WebSite","@id":"https:\/\/portesetfenetresdaujourdhui.com\/en\/#website","url":"https:\/\/portesetfenetresdaujourdhui.com\/en\/","name":"Portes et fen\u00eatres d&#039;aujourd&#039;hui | D\u00e9taillant Fenplast Granby, Bromont","description":"Vente et installation de portes et fen\u00eatres","publisher":{"@id":"https:\/\/portesetfenetresdaujourdhui.com\/en\/#organization"},"potentialAction":[{"@type":"SearchAction","target":{"@type":"EntryPoint","urlTemplate":"https:\/\/portesetfenetresdaujourdhui.com\/en\/?s={search_term_string}"},"query-input":{"@type":"PropertyValueSpecification","valueRequired":true,"valueName":"search_term_string"}}],"inLanguage":"en-CA"},{"@type":"Organization","@id":"https:\/\/portesetfenetresdaujourdhui.com\/en\/#organization","name":"Portes & Fen\u00eatres D'Aujourd'hui inc.","url":"https:\/\/portesetfenetresdaujourdhui.com\/en\/","logo":{"@type":"ImageObject","inLanguage":"en-CA","@id":"https:\/\/portesetfenetresdaujourdhui.com\/en\/#\/schema\/logo\/image\/","url":"https:\/\/portesetfenetresdaujourdhui.com\/wp-content\/uploads\/logo-portes-fenetres-aujourdhui.png","contentUrl":"https:\/\/portesetfenetresdaujourdhui.com\/wp-content\/uploads\/logo-portes-fenetres-aujourdhui.png","width":459,"height":89,"caption":"Portes & Fen\u00eatres D'Aujourd'hui inc."},"image":{"@id":"https:\/\/portesetfenetresdaujourdhui.com\/en\/#\/schema\/logo\/image\/"},"sameAs":["https:\/\/www.facebook.com\/Portes-et-Fenetres-DAujourdhui-inc-149018835148991\/"]}]}},"_links":{"self":[{"href":"https:\/\/portesetfenetresdaujourdhui.com\/en\/wp-json\/wp\/v2\/pages\/7535","targetHints":{"allow":["GET"]}}],"collection":[{"href":"https:\/\/portesetfenetresdaujourdhui.com\/en\/wp-json\/wp\/v2\/pages"}],"about":[{"href":"https:\/\/portesetfenetresdaujourdhui.com\/en\/wp-json\/wp\/v2\/types\/page"}],"author":[{"embeddable":true,"href":"https:\/\/portesetfenetresdaujourdhui.com\/en\/wp-json\/wp\/v2\/users\/1"}],"replies":[{"embeddable":true,"href":"https:\/\/portesetfenetresdaujourdhui.com\/en\/wp-json\/wp\/v2\/comments?post=7535"}],"version-history":[{"count":0,"href":"https:\/\/portesetfenetresdaujourdhui.com\/en\/wp-json\/wp\/v2\/pages\/7535\/revisions"}],"wp:attachment":[{"href":"https:\/\/portesetfenetresdaujourdhui.com\/en\/wp-json\/wp\/v2\/media?parent=7535"}],"curies":[{"name":"wp","href":"https:\/\/api.w.org\/{rel}","templated":true}]}}