{"id":7559,"date":"2023-11-09T10:11:47","date_gmt":"2023-11-09T15:11:47","guid":{"rendered":"https:\/\/portesetfenetresdaujourdhui.com\/privacy-policy\/"},"modified":"2025-12-03T12:33:37","modified_gmt":"2025-12-03T17:33:37","slug":"privacy-policy","status":"publish","type":"page","link":"https:\/\/portesetfenetresdaujourdhui.com\/en\/privacy-policy\/","title":{"rendered":"Privacy Policy"},"content":{"rendered":"<section class=\"l-section wpb_row height_small\"><div class=\"l-section-h i-cf\"><div class=\"g-cols vc_row via_grid cols_1 laptops-cols_inherit tablets-cols_inherit mobiles-cols_1 valign_top type_default stacking_default\"><div class=\"wpb_column vc_column_container\"><div class=\"vc_column-inner\"><div class=\"wpb_text_column\"><div class=\"wpb_wrapper\"><p><em>Date d&#8217;entr\u00e9e en vigueur : 22 septembre 2023<\/em><br \/>\n<em>Derni\u00e8re mise \u00e0 jour : 03 d\u00e9cembre 2025<br \/>\n<\/em><\/p>\n<h3>Introduction<\/h3>\n<p>Devant le d\u00e9veloppement des nouveaux outils de communication, il est n\u00e9cessaire de porter une attention particuli\u00e8re \u00e0 la protection de la vie priv\u00e9e. C\u2019est pourquoi, Portes et Fen\u00eatres d\u2019Aujourd\u2019hui s&#8217;engage \u00e0 respecter la confidentialit\u00e9 des renseignements personnels collect\u00e9s. <\/p>\n<h3>Collecte des renseignements personnels<\/h3>\n<p><strong>Par le biais d&#8217;un formulaire de contact<\/strong><\/p>\n<p>Lorsqu&#8217;un utilisateur remplit un formulaire de contact, nous collectons les renseignements suivants :<\/p>\n<ul>\n<li>First name<\/li>\n<li>Last name<\/li>\n<li>Email<\/li>\n<li>Project city<\/li>\n<li>Sent files (if applicable)<\/li>\n<li>Phone number (if applicable)<\/li>\n<\/ul>\n<p>Les renseignements personnels sont utilis\u00e9s \u00e0 des fins de communication. Nous n\u2019utiliserons pas ces renseignements \u00e0 d\u2019autres fins. <\/p>\n<p><strong>Lors de la navigation sur le site Web<\/strong><\/p>\n<p>Des informations telles que votre adresse IP, l\u2019identifiant de votre appareil, le type de navigateur, les pages consult\u00e9es sont recueillies par Google Analytics \u00e0 des fins de statistiques.<\/p>\n<h3>Droit d&#8217;acc\u00e8s, d\u2019opposition ou de retrait \u00e0 l&#8217;information<\/h3>\n<p>Nous nous engageons \u00e0 reconna\u00eetre un droit d\u2019acc\u00e8s, d&#8217;opposition ou de retrait quant aux renseignements personnels.<\/p>\n<p>Pour en savoir plus ou pour exercer ces droits, vous pouvez contacter la personne responsable de la protection des renseignements personnels.<\/p>\n<h3>S\u00e9curit\u00e9<\/h3>\n<p>Nous nous engageons \u00e0 maintenir un haut degr\u00e9 de confidentialit\u00e9 en int\u00e9grant les derni\u00e8res innovations technologiques permettant d\u2019assurer la confidentialit\u00e9 de vos informations. Toutefois, comme aucun m\u00e9canisme n\u2019offre une s\u00e9curit\u00e9 maximale, une part de risque est toujours pr\u00e9sente lorsque l\u2019on utilise Internet pour transmettre des renseignements personnels. <\/p>\n<h3>Fichiers t\u00e9moins (cookies)<\/h3>\n<p>Le site Web de Portes et Fen\u00eatres d\u2019Aujourd\u2019hui utilise les fichiers t\u00e9moins (cookies) pour am\u00e9liorer l&#8217;exp\u00e9rience de navigation et \u00e0 des fins de statistiques.<br \/>\n<a class=\"cky-banner-element\" href=\"#\">&gt;  Modifier vos param\u00e8tres de cookies<\/a><\/p>\n<h3>Statistiques et mesures d\u2019audience<\/h3>\n<p>Nous utilisons Google Analytics comme outil de statistiques de mesures d&#8217;audience.<br \/>\n<a href=\"https:\/\/policies.google.com\/privacy?hl=fr-CA\" target=\"_blank\" rel=\"noopener\">&gt;  En savoir plus sur la politique de confidentialit\u00e9 de Google<\/a><\/p>\n<h3>Dur\u00e9e de conservation des donn\u00e9es<\/h3>\n<p>Les renseignements personnels sont conserv\u00e9s aussi longtemps que n\u00e9cessaires pour atteindre les fins pour lesquelles ils ont \u00e9t\u00e9 recueillis, ou tel que mentionn\u00e9 par la loi.<\/p>\n<h3>D\u00e9claration d\u2019incident<\/h3>\n<p>Dans le cas o\u00f9 surviendrait un incident affectant la protection des renseignements personnels, Portes et Fen\u00eatres d\u2019Aujourd\u2019hui s&#8217;engage \u00e0 informer les personnes concern\u00e9es et d\u00e9clarer l&#8217;incident \u00e0 la Commission d\u2019acc\u00e8s \u00e0 l\u2019information du Qu\u00e9bec.<\/p>\n<h3 class=\"wp-block-heading\">Communiquez avec nous<\/h3>\n<p>Pour toute question concernant cette politique, vous pouvez contacter le responsable de la protection des renseignements personnels.<\/p>\n<p><strong>Pierre-Jean Racine, responsable de la protection des renseignements personnels<\/strong><br \/>\n<span class=\"w-contacts-item-value\">1400, Denison West<br \/>\nSt-Alphonse de Granby, Qu\u00e9bec J0E 2A0<\/span><br \/>\nPhone: <span class=\"w-contacts-item-value\">450 378-6446<\/span><br \/>\nEmail: <a href=\"mailto:pierre-jean@pfdaujourdhui.com\">pierre-jean@pfdaujourdhui.com<\/a><\/p>\n<h3>Changements sans pr\u00e9avis<\/h3>\n<p>Les conditions mentionn\u00e9es dans cette politique de confidentialit\u00e9 peuvent \u00eatre modifi\u00e9es \u00e0 tout moment et sans pr\u00e9vis.<\/p>\n<\/div><\/div><\/div><\/div><\/div><\/div><\/section>\n","protected":false},"excerpt":{"rendered":"Date d&#8217;entr\u00e9e en vigueur : 22 septembre 2023 Derni\u00e8re mise \u00e0 jour : 03 d\u00e9cembre 2025 Introduction Devant le d\u00e9veloppement des nouveaux outils de communication, il est n\u00e9cessaire de porter une attention particuli\u00e8re \u00e0 la protection de la vie priv\u00e9e. C\u2019est pourquoi, Portes et Fen\u00eatres d\u2019Aujourd\u2019hui s&#8217;engage \u00e0 respecter la confidentialit\u00e9 des renseignements personnels collect\u00e9s....","protected":false},"author":1,"featured_media":0,"parent":0,"menu_order":0,"comment_status":"closed","ping_status":"closed","template":"","meta":{"_acf_changed":false,"footnotes":""},"class_list":["post-7559","page","type-page","status-publish","hentry"],"acf":[],"yoast_head":"<!-- This site is optimized with the Yoast SEO plugin v27.4 - https:\/\/yoast.com\/product\/yoast-seo-wordpress\/ -->\n<title>Privacy Policy - Portes et fen\u00eatres d&#039;aujourd&#039;hui | D\u00e9taillant Fenplast Granby, Bromont<\/title>\n<meta name=\"robots\" content=\"index, follow, max-snippet:-1, max-image-preview:large, max-video-preview:-1\" \/>\n<link rel=\"canonical\" href=\"https:\/\/portesetfenetresdaujourdhui.com\/en\/privacy-policy\/\" \/>\n<meta property=\"og:locale\" content=\"en_US\" \/>\n<meta property=\"og:type\" content=\"article\" \/>\n<meta property=\"og:title\" content=\"Privacy Policy - Portes et fen\u00eatres d&#039;aujourd&#039;hui | D\u00e9taillant Fenplast Granby, Bromont\" \/>\n<meta property=\"og:url\" content=\"https:\/\/portesetfenetresdaujourdhui.com\/en\/privacy-policy\/\" \/>\n<meta property=\"og:site_name\" content=\"Portes et fen\u00eatres d&#039;aujourd&#039;hui | D\u00e9taillant Fenplast Granby, Bromont\" \/>\n<meta property=\"article:publisher\" content=\"https:\/\/www.facebook.com\/Portes-et-Fenetres-DAujourdhui-inc-149018835148991\/\" \/>\n<meta property=\"article:modified_time\" content=\"2025-12-03T17:33:37+00:00\" \/>\n<meta property=\"og:image\" content=\"https:\/\/portesetfenetresdaujourdhui.com\/wp-content\/uploads\/header.jpg\" \/>\n\t<meta property=\"og:image:width\" content=\"1600\" \/>\n\t<meta property=\"og:image:height\" content=\"421\" \/>\n\t<meta property=\"og:image:type\" content=\"image\/jpeg\" \/>\n<meta name=\"twitter:card\" content=\"summary_large_image\" \/>\n<meta name=\"twitter:label1\" content=\"Est. reading time\" \/>\n\t<meta name=\"twitter:data1\" content=\"2 minutes\" \/>\n<script type=\"application\/ld+json\" class=\"yoast-schema-graph\">{\"@context\":\"https:\\\/\\\/schema.org\",\"@graph\":[{\"@type\":\"WebPage\",\"@id\":\"https:\\\/\\\/portesetfenetresdaujourdhui.com\\\/en\\\/privacy-policy\\\/\",\"url\":\"https:\\\/\\\/portesetfenetresdaujourdhui.com\\\/en\\\/privacy-policy\\\/\",\"name\":\"Privacy Policy - Portes et fen\u00eatres d&#039;aujourd&#039;hui | D\u00e9taillant Fenplast Granby, Bromont\",\"isPartOf\":{\"@id\":\"https:\\\/\\\/portesetfenetresdaujourdhui.com\\\/en\\\/#website\"},\"datePublished\":\"2023-11-09T15:11:47+00:00\",\"dateModified\":\"2025-12-03T17:33:37+00:00\",\"breadcrumb\":{\"@id\":\"https:\\\/\\\/portesetfenetresdaujourdhui.com\\\/en\\\/privacy-policy\\\/#breadcrumb\"},\"inLanguage\":\"en-CA\",\"potentialAction\":[{\"@type\":\"ReadAction\",\"target\":[\"https:\\\/\\\/portesetfenetresdaujourdhui.com\\\/en\\\/privacy-policy\\\/\"]}]},{\"@type\":\"BreadcrumbList\",\"@id\":\"https:\\\/\\\/portesetfenetresdaujourdhui.com\\\/en\\\/privacy-policy\\\/#breadcrumb\",\"itemListElement\":[{\"@type\":\"ListItem\",\"position\":1,\"name\":\"Accueil\",\"item\":\"https:\\\/\\\/portesetfenetresdaujourdhui.com\\\/en\\\/home\\\/\"},{\"@type\":\"ListItem\",\"position\":2,\"name\":\"Privacy Policy\"}]},{\"@type\":\"WebSite\",\"@id\":\"https:\\\/\\\/portesetfenetresdaujourdhui.com\\\/en\\\/#website\",\"url\":\"https:\\\/\\\/portesetfenetresdaujourdhui.com\\\/en\\\/\",\"name\":\"Portes et fen\u00eatres d&#039;aujourd&#039;hui | D\u00e9taillant Fenplast Granby, Bromont\",\"description\":\"Vente et installation de portes et fen\u00eatres\",\"publisher\":{\"@id\":\"https:\\\/\\\/portesetfenetresdaujourdhui.com\\\/en\\\/#organization\"},\"potentialAction\":[{\"@type\":\"SearchAction\",\"target\":{\"@type\":\"EntryPoint\",\"urlTemplate\":\"https:\\\/\\\/portesetfenetresdaujourdhui.com\\\/en\\\/?s={search_term_string}\"},\"query-input\":{\"@type\":\"PropertyValueSpecification\",\"valueRequired\":true,\"valueName\":\"search_term_string\"}}],\"inLanguage\":\"en-CA\"},{\"@type\":\"Organization\",\"@id\":\"https:\\\/\\\/portesetfenetresdaujourdhui.com\\\/en\\\/#organization\",\"name\":\"Portes & Fen\u00eatres D'Aujourd'hui inc.\",\"url\":\"https:\\\/\\\/portesetfenetresdaujourdhui.com\\\/en\\\/\",\"logo\":{\"@type\":\"ImageObject\",\"inLanguage\":\"en-CA\",\"@id\":\"https:\\\/\\\/portesetfenetresdaujourdhui.com\\\/en\\\/#\\\/schema\\\/logo\\\/image\\\/\",\"url\":\"https:\\\/\\\/portesetfenetresdaujourdhui.com\\\/wp-content\\\/uploads\\\/logo-portes-fenetres-aujourdhui.png\",\"contentUrl\":\"https:\\\/\\\/portesetfenetresdaujourdhui.com\\\/wp-content\\\/uploads\\\/logo-portes-fenetres-aujourdhui.png\",\"width\":459,\"height\":89,\"caption\":\"Portes & Fen\u00eatres D'Aujourd'hui inc.\"},\"image\":{\"@id\":\"https:\\\/\\\/portesetfenetresdaujourdhui.com\\\/en\\\/#\\\/schema\\\/logo\\\/image\\\/\"},\"sameAs\":[\"https:\\\/\\\/www.facebook.com\\\/Portes-et-Fenetres-DAujourdhui-inc-149018835148991\\\/\"]}]}<\/script>\n<!-- \/ Yoast SEO plugin. -->","yoast_head_json":{"title":"Privacy Policy - Portes et fen\u00eatres d&#039;aujourd&#039;hui | D\u00e9taillant Fenplast Granby, Bromont","robots":{"index":"index","follow":"follow","max-snippet":"max-snippet:-1","max-image-preview":"max-image-preview:large","max-video-preview":"max-video-preview:-1"},"canonical":"https:\/\/portesetfenetresdaujourdhui.com\/en\/privacy-policy\/","og_locale":"en_US","og_type":"article","og_title":"Privacy Policy - Portes et fen\u00eatres d&#039;aujourd&#039;hui | D\u00e9taillant Fenplast Granby, Bromont","og_url":"https:\/\/portesetfenetresdaujourdhui.com\/en\/privacy-policy\/","og_site_name":"Portes et fen\u00eatres d&#039;aujourd&#039;hui | D\u00e9taillant Fenplast Granby, Bromont","article_publisher":"https:\/\/www.facebook.com\/Portes-et-Fenetres-DAujourdhui-inc-149018835148991\/","article_modified_time":"2025-12-03T17:33:37+00:00","og_image":[{"width":1600,"height":421,"url":"https:\/\/portesetfenetresdaujourdhui.com\/wp-content\/uploads\/header.jpg","type":"image\/jpeg"}],"twitter_card":"summary_large_image","twitter_misc":{"Est. reading time":"2 minutes"},"schema":{"@context":"https:\/\/schema.org","@graph":[{"@type":"WebPage","@id":"https:\/\/portesetfenetresdaujourdhui.com\/en\/privacy-policy\/","url":"https:\/\/portesetfenetresdaujourdhui.com\/en\/privacy-policy\/","name":"Privacy Policy - Portes et fen\u00eatres d&#039;aujourd&#039;hui | D\u00e9taillant Fenplast Granby, Bromont","isPartOf":{"@id":"https:\/\/portesetfenetresdaujourdhui.com\/en\/#website"},"datePublished":"2023-11-09T15:11:47+00:00","dateModified":"2025-12-03T17:33:37+00:00","breadcrumb":{"@id":"https:\/\/portesetfenetresdaujourdhui.com\/en\/privacy-policy\/#breadcrumb"},"inLanguage":"en-CA","potentialAction":[{"@type":"ReadAction","target":["https:\/\/portesetfenetresdaujourdhui.com\/en\/privacy-policy\/"]}]},{"@type":"BreadcrumbList","@id":"https:\/\/portesetfenetresdaujourdhui.com\/en\/privacy-policy\/#breadcrumb","itemListElement":[{"@type":"ListItem","position":1,"name":"Accueil","item":"https:\/\/portesetfenetresdaujourdhui.com\/en\/home\/"},{"@type":"ListItem","position":2,"name":"Privacy Policy"}]},{"@type":"WebSite","@id":"https:\/\/portesetfenetresdaujourdhui.com\/en\/#website","url":"https:\/\/portesetfenetresdaujourdhui.com\/en\/","name":"Portes et fen\u00eatres d&#039;aujourd&#039;hui | D\u00e9taillant Fenplast Granby, Bromont","description":"Vente et installation de portes et fen\u00eatres","publisher":{"@id":"https:\/\/portesetfenetresdaujourdhui.com\/en\/#organization"},"potentialAction":[{"@type":"SearchAction","target":{"@type":"EntryPoint","urlTemplate":"https:\/\/portesetfenetresdaujourdhui.com\/en\/?s={search_term_string}"},"query-input":{"@type":"PropertyValueSpecification","valueRequired":true,"valueName":"search_term_string"}}],"inLanguage":"en-CA"},{"@type":"Organization","@id":"https:\/\/portesetfenetresdaujourdhui.com\/en\/#organization","name":"Portes & Fen\u00eatres D'Aujourd'hui inc.","url":"https:\/\/portesetfenetresdaujourdhui.com\/en\/","logo":{"@type":"ImageObject","inLanguage":"en-CA","@id":"https:\/\/portesetfenetresdaujourdhui.com\/en\/#\/schema\/logo\/image\/","url":"https:\/\/portesetfenetresdaujourdhui.com\/wp-content\/uploads\/logo-portes-fenetres-aujourdhui.png","contentUrl":"https:\/\/portesetfenetresdaujourdhui.com\/wp-content\/uploads\/logo-portes-fenetres-aujourdhui.png","width":459,"height":89,"caption":"Portes & Fen\u00eatres D'Aujourd'hui inc."},"image":{"@id":"https:\/\/portesetfenetresdaujourdhui.com\/en\/#\/schema\/logo\/image\/"},"sameAs":["https:\/\/www.facebook.com\/Portes-et-Fenetres-DAujourdhui-inc-149018835148991\/"]}]}},"_links":{"self":[{"href":"https:\/\/portesetfenetresdaujourdhui.com\/en\/wp-json\/wp\/v2\/pages\/7559","targetHints":{"allow":["GET"]}}],"collection":[{"href":"https:\/\/portesetfenetresdaujourdhui.com\/en\/wp-json\/wp\/v2\/pages"}],"about":[{"href":"https:\/\/portesetfenetresdaujourdhui.com\/en\/wp-json\/wp\/v2\/types\/page"}],"author":[{"embeddable":true,"href":"https:\/\/portesetfenetresdaujourdhui.com\/en\/wp-json\/wp\/v2\/users\/1"}],"replies":[{"embeddable":true,"href":"https:\/\/portesetfenetresdaujourdhui.com\/en\/wp-json\/wp\/v2\/comments?post=7559"}],"version-history":[{"count":3,"href":"https:\/\/portesetfenetresdaujourdhui.com\/en\/wp-json\/wp\/v2\/pages\/7559\/revisions"}],"predecessor-version":[{"id":8866,"href":"https:\/\/portesetfenetresdaujourdhui.com\/en\/wp-json\/wp\/v2\/pages\/7559\/revisions\/8866"}],"wp:attachment":[{"href":"https:\/\/portesetfenetresdaujourdhui.com\/en\/wp-json\/wp\/v2\/media?parent=7559"}],"curies":[{"name":"wp","href":"https:\/\/api.w.org\/{rel}","templated":true}]}}