{"id":7565,"date":"2025-05-01T11:14:36","date_gmt":"2025-05-01T15:14:36","guid":{"rendered":"https:\/\/portesetfenetresdaujourdhui.com\/doors\/patio-doors-aluminum-pvc\/"},"modified":"2025-11-28T20:27:04","modified_gmt":"2025-11-29T01:27:04","slug":"patio-doors-aluminum-pvc","status":"publish","type":"page","link":"https:\/\/portesetfenetresdaujourdhui.com\/en\/doors-granby\/patio-doors-aluminum-pvc\/","title":{"rendered":"Patio Doors (Aluminum\/PVC)"},"content":{"rendered":"<section class=\"l-section wpb_row height_small\"><div class=\"l-section-h i-cf\"><div class=\"g-cols vc_row via_grid cols_2 laptops-cols_inherit tablets-cols_inherit mobiles-cols_1 valign_top type_default stacking_default\"><div class=\"wpb_column vc_column_container\"><div class=\"vc_column-inner\"><div class=\"wpb_text_column\"><div class=\"wpb_wrapper\"><h2>Aluminum\/PVC patio doors<\/h2>\n<p>Our lift-and-slide <strong>patio door<\/strong> systems are precisely designed to allow the use of oversized glass panels and ultra-smooth operation. Our systems combine sturdy aluminum frames, quality components, and impeccable craftsmanship.<\/p>\n<p>We apply strict quality control measures throughout the manufacturing and installation process, ensuring that every system can withstand the harshest weather conditions.<\/p>\n<\/div><\/div><div class=\"w-btn-wrapper align_none\"><a class=\"w-btn us-btn-style_3\" href=\"https:\/\/portesetfenetresdaujourdhui.com\/en\/contact-us\/\"><span class=\"w-btn-label\">Get a Quote<\/span><\/a><\/div><\/div><\/div><div class=\"wpb_column vc_column_container\"><div class=\"vc_column-inner\"><div class=\"w-image align_none\"><div class=\"w-image-h\"><img loading=\"lazy\" decoding=\"async\" width=\"1920\" height=\"1280\" src=\"https:\/\/portesetfenetresdaujourdhui.com\/wp-content\/uploads\/lac-brome.jpg\" class=\"attachment-large size-large\" alt=\"Installation de portes et fen\u00eatres par Portes &amp; Fen\u00eatres d&#039;Aujourd&#039;hui\" loading=\"lazy\" srcset=\"https:\/\/portesetfenetresdaujourdhui.com\/wp-content\/uploads\/lac-brome.jpg 1920w, https:\/\/portesetfenetresdaujourdhui.com\/wp-content\/uploads\/lac-brome-800x533.jpg 800w\" sizes=\"auto, (max-width: 1920px) 100vw, 1920px\" \/><\/div><\/div><\/div><\/div><\/div><\/div><\/section><section class=\"l-section wpb_row height_small width_full\"><div class=\"l-section-h i-cf\"><div class=\"g-cols vc_row via_grid cols_1 laptops-cols_inherit tablets-cols_inherit mobiles-cols_1 valign_top type_default stacking_default\"><div class=\"wpb_column vc_column_container\"><div class=\"vc_column-inner\"><section class=\"l-section wpb_row height_medium width_custom color_alternate\" style=\"--site-content-width:1200px;\"><div class=\"l-section-h i-cf\"><div class=\"g-cols vc_row via_grid cols_4 laptops-cols_inherit tablets-cols_inherit mobiles-cols_1 valign_top type_default stacking_default\"><div class=\"wpb_column vc_column_container\"><div class=\"vc_column-inner\"><div class=\"w-iconbox iconpos_top style_default color_primary align_center\"><div class=\"w-iconbox-icon\" style=\"font-size:3rem;\"><i class=\"fas fa-award\"><\/i><\/div><div class=\"w-iconbox-meta\"><h4 class=\"w-iconbox-title\">Certified products<\/h4><div class=\"w-iconbox-text\"><p>available in a variety of colors<\/p>\n<\/div><\/div><\/div><\/div><\/div><div class=\"wpb_column vc_column_container\"><div class=\"vc_column-inner\"><div class=\"w-iconbox iconpos_top style_default color_primary align_center\"><div class=\"w-iconbox-icon\" style=\"font-size:3rem;\"><i class=\"fas fa-store\"><\/i><\/div><div class=\"w-iconbox-meta\"><h4 class=\"w-iconbox-title\">Large showroom<\/h4><div class=\"w-iconbox-text\"><p>in Saint-Alphonse-de-Granby<\/p>\n<\/div><\/div><\/div><\/div><\/div><div class=\"wpb_column vc_column_container\"><div class=\"vc_column-inner\"><div class=\"w-iconbox iconpos_top style_default color_primary align_center\"><div class=\"w-iconbox-icon\" style=\"font-size:3rem;\"><i class=\"fas fa-heart\"><\/i><\/div><div class=\"w-iconbox-meta\"><h4 class=\"w-iconbox-title\">Family business<\/h4><div class=\"w-iconbox-text\"><p>established in 1991<\/p>\n<\/div><\/div><\/div><\/div><\/div><div class=\"wpb_column vc_column_container\"><div class=\"vc_column-inner\"><div class=\"w-iconbox iconpos_top style_default color_primary align_center\"><div class=\"w-iconbox-icon\" style=\"font-size:3rem;\"><i class=\"fas fa-key\"><\/i><\/div><div class=\"w-iconbox-meta\"><h4 class=\"w-iconbox-title\">Turnkey service<\/h4><div class=\"w-iconbox-text\"><p>adapted to your needs<\/p>\n<\/div><\/div><\/div><\/div><\/div><\/div><\/div><\/section>\n<\/div><\/div><\/div><\/div><\/section><section class=\"l-section wpb_row height_small\"><div class=\"l-section-h i-cf\"><div class=\"g-cols vc_row via_grid cols_1 laptops-cols_inherit tablets-cols_inherit mobiles-cols_1 valign_top type_default stacking_default\"><div class=\"wpb_column vc_column_container\"><div class=\"vc_column-inner\"><section class=\"l-section wpb_row height_auto width_full\"><div class=\"l-section-h i-cf\"><div class=\"g-cols vc_row via_grid cols_2-1 laptops-cols_inherit tablets-cols_inherit mobiles-cols_1 valign_top type_default stacking_default\"><div class=\"wpb_column vc_column_container\"><div class=\"vc_column-inner\"><div class=\"wpb_text_column\"><div class=\"wpb_wrapper\"><h2>Not ready for a quote? Let us inspire you\u2026<\/h2>\n<\/div><\/div><div class=\"wpb_text_column\"><div class=\"wpb_wrapper\"><p class=\"p1\"><b>Download the TOP 3 most popular models of 2025 \u2013 It\u2019s free!<\/b><\/p>\n<p class=\"p1\">In 2025, your facade deserves better than a standard door. Perfect for new construction or renovation.<\/p>\n<\/div><\/div><div class=\"w-btn-wrapper align_none\"><a class=\"w-btn us-btn-style_1\" target=\"_blank\" href=\"https:\/\/docs.google.com\/forms\/d\/e\/1FAIpQLSf3w8sWLeo9qT_GcKGUGrwtGMy4T0PUUHBYBy3puiLecxSw7Q\/viewform?usp=dialog\"><span class=\"w-btn-label\">Download here<\/span><\/a><\/div><\/div><\/div><div class=\"wpb_column vc_column_container\"><div class=\"vc_column-inner\"><div class=\"w-image align_none\"><a target=\"_blank\" href=\"https:\/\/docs.google.com\/forms\/d\/e\/1FAIpQLSf3w8sWLeo9qT_GcKGUGrwtGMy4T0PUUHBYBy3puiLecxSw7Q\/viewform?usp=dialog\" aria-label=\"thumbnail_Web LEAD2\" class=\"w-image-h\"><img loading=\"lazy\" decoding=\"async\" width=\"1080\" height=\"1080\" src=\"https:\/\/portesetfenetresdaujourdhui.com\/wp-content\/uploads\/thumbnail_Web-LEAD2.jpg\" class=\"attachment-full size-full\" alt=\"Top 3 designs de portes d&#039;entr\u00e9e\" loading=\"lazy\" srcset=\"https:\/\/portesetfenetresdaujourdhui.com\/wp-content\/uploads\/thumbnail_Web-LEAD2.jpg 1080w, https:\/\/portesetfenetresdaujourdhui.com\/wp-content\/uploads\/thumbnail_Web-LEAD2-600x600.jpg 600w, https:\/\/portesetfenetresdaujourdhui.com\/wp-content\/uploads\/thumbnail_Web-LEAD2-300x300.jpg 300w, https:\/\/portesetfenetresdaujourdhui.com\/wp-content\/uploads\/thumbnail_Web-LEAD2-800x800.jpg 800w\" sizes=\"auto, (max-width: 1080px) 100vw, 1080px\" \/><\/a><\/div><\/div><\/div><\/div><\/div><\/section>\n<\/div><\/div><\/div><\/div><\/section>\n","protected":false},"excerpt":{"rendered":"Aluminum\/PVC patio doors Our lift-and-slide patio door systems are precisely designed to allow the use of oversized glass panels and ultra-smooth operation. Our systems combine sturdy aluminum frames, quality components, and impeccable craftsmanship. We apply strict quality control measures throughout the manufacturing and installation process, ensuring that every system can withstand the harshest weather conditions....","protected":false},"author":1,"featured_media":0,"parent":7523,"menu_order":0,"comment_status":"closed","ping_status":"closed","template":"","meta":{"_acf_changed":false,"footnotes":""},"class_list":["post-7565","page","type-page","status-publish","hentry"],"acf":[],"yoast_head":"<!-- This site is optimized with the Yoast SEO plugin v27.4 - https:\/\/yoast.com\/product\/yoast-seo-wordpress\/ -->\n<title>Patio Doors (Aluminum\/PVC) - Portes et fen\u00eatres d&#039;aujourd&#039;hui | D\u00e9taillant Fenplast Granby, Bromont<\/title>\n<meta name=\"description\" content=\"Contact Portes et Fen\u00eatres d&#039;Aujourd&#039;hui for your aluminum\/PVC lift-and-slide patio door. We are located in Granby.\" \/>\n<meta name=\"robots\" content=\"index, follow, max-snippet:-1, max-image-preview:large, max-video-preview:-1\" \/>\n<link rel=\"canonical\" href=\"https:\/\/portesetfenetresdaujourdhui.com\/en\/doors-granby\/patio-doors-aluminum-pvc\/\" \/>\n<meta property=\"og:locale\" content=\"en_US\" \/>\n<meta property=\"og:type\" content=\"article\" \/>\n<meta property=\"og:title\" content=\"Patio Doors (Aluminum\/PVC) - Portes et fen\u00eatres d&#039;aujourd&#039;hui | D\u00e9taillant Fenplast Granby, Bromont\" \/>\n<meta property=\"og:description\" content=\"Contact Portes et Fen\u00eatres d&#039;Aujourd&#039;hui for your aluminum\/PVC lift-and-slide patio door. We are located in Granby.\" \/>\n<meta property=\"og:url\" content=\"https:\/\/portesetfenetresdaujourdhui.com\/en\/doors-granby\/patio-doors-aluminum-pvc\/\" \/>\n<meta property=\"og:site_name\" content=\"Portes et fen\u00eatres d&#039;aujourd&#039;hui | D\u00e9taillant Fenplast Granby, Bromont\" \/>\n<meta property=\"article:publisher\" content=\"https:\/\/www.facebook.com\/Portes-et-Fenetres-DAujourdhui-inc-149018835148991\/\" \/>\n<meta property=\"article:modified_time\" content=\"2025-11-29T01:27:04+00:00\" \/>\n<meta property=\"og:image\" content=\"https:\/\/portesetfenetresdaujourdhui.com\/wp-content\/uploads\/header.jpg\" \/>\n\t<meta property=\"og:image:width\" content=\"1600\" \/>\n\t<meta property=\"og:image:height\" content=\"421\" \/>\n\t<meta property=\"og:image:type\" content=\"image\/jpeg\" \/>\n<meta name=\"twitter:card\" content=\"summary_large_image\" \/>\n<meta name=\"twitter:label1\" content=\"Est. reading time\" \/>\n\t<meta name=\"twitter:data1\" content=\"1 minute\" \/>\n<script type=\"application\/ld+json\" class=\"yoast-schema-graph\">{\"@context\":\"https:\\\/\\\/schema.org\",\"@graph\":[{\"@type\":\"WebPage\",\"@id\":\"https:\\\/\\\/portesetfenetresdaujourdhui.com\\\/en\\\/doors-granby\\\/patio-doors-aluminum-pvc\\\/\",\"url\":\"https:\\\/\\\/portesetfenetresdaujourdhui.com\\\/en\\\/doors-granby\\\/patio-doors-aluminum-pvc\\\/\",\"name\":\"Patio Doors (Aluminum\\\/PVC) - Portes et fen\u00eatres d&#039;aujourd&#039;hui | D\u00e9taillant Fenplast Granby, Bromont\",\"isPartOf\":{\"@id\":\"https:\\\/\\\/portesetfenetresdaujourdhui.com\\\/en\\\/#website\"},\"datePublished\":\"2025-05-01T15:14:36+00:00\",\"dateModified\":\"2025-11-29T01:27:04+00:00\",\"description\":\"Contact Portes et Fen\u00eatres d'Aujourd'hui for your aluminum\\\/PVC lift-and-slide patio door. We are located in Granby.\",\"breadcrumb\":{\"@id\":\"https:\\\/\\\/portesetfenetresdaujourdhui.com\\\/en\\\/doors-granby\\\/patio-doors-aluminum-pvc\\\/#breadcrumb\"},\"inLanguage\":\"en-CA\",\"potentialAction\":[{\"@type\":\"ReadAction\",\"target\":[\"https:\\\/\\\/portesetfenetresdaujourdhui.com\\\/en\\\/doors-granby\\\/patio-doors-aluminum-pvc\\\/\"]}]},{\"@type\":\"BreadcrumbList\",\"@id\":\"https:\\\/\\\/portesetfenetresdaujourdhui.com\\\/en\\\/doors-granby\\\/patio-doors-aluminum-pvc\\\/#breadcrumb\",\"itemListElement\":[{\"@type\":\"ListItem\",\"position\":1,\"name\":\"Accueil\",\"item\":\"https:\\\/\\\/portesetfenetresdaujourdhui.com\\\/en\\\/home\\\/\"},{\"@type\":\"ListItem\",\"position\":2,\"name\":\"Doors\",\"item\":\"https:\\\/\\\/portesetfenetresdaujourdhui.com\\\/en\\\/doors-granby\\\/\"},{\"@type\":\"ListItem\",\"position\":3,\"name\":\"Patio Doors (Aluminum\\\/PVC)\"}]},{\"@type\":\"WebSite\",\"@id\":\"https:\\\/\\\/portesetfenetresdaujourdhui.com\\\/en\\\/#website\",\"url\":\"https:\\\/\\\/portesetfenetresdaujourdhui.com\\\/en\\\/\",\"name\":\"Portes et fen\u00eatres d&#039;aujourd&#039;hui | D\u00e9taillant Fenplast Granby, Bromont\",\"description\":\"Vente et installation de portes et fen\u00eatres\",\"publisher\":{\"@id\":\"https:\\\/\\\/portesetfenetresdaujourdhui.com\\\/en\\\/#organization\"},\"potentialAction\":[{\"@type\":\"SearchAction\",\"target\":{\"@type\":\"EntryPoint\",\"urlTemplate\":\"https:\\\/\\\/portesetfenetresdaujourdhui.com\\\/en\\\/?s={search_term_string}\"},\"query-input\":{\"@type\":\"PropertyValueSpecification\",\"valueRequired\":true,\"valueName\":\"search_term_string\"}}],\"inLanguage\":\"en-CA\"},{\"@type\":\"Organization\",\"@id\":\"https:\\\/\\\/portesetfenetresdaujourdhui.com\\\/en\\\/#organization\",\"name\":\"Portes & Fen\u00eatres D'Aujourd'hui inc.\",\"url\":\"https:\\\/\\\/portesetfenetresdaujourdhui.com\\\/en\\\/\",\"logo\":{\"@type\":\"ImageObject\",\"inLanguage\":\"en-CA\",\"@id\":\"https:\\\/\\\/portesetfenetresdaujourdhui.com\\\/en\\\/#\\\/schema\\\/logo\\\/image\\\/\",\"url\":\"https:\\\/\\\/portesetfenetresdaujourdhui.com\\\/wp-content\\\/uploads\\\/logo-portes-fenetres-aujourdhui.png\",\"contentUrl\":\"https:\\\/\\\/portesetfenetresdaujourdhui.com\\\/wp-content\\\/uploads\\\/logo-portes-fenetres-aujourdhui.png\",\"width\":459,\"height\":89,\"caption\":\"Portes & Fen\u00eatres D'Aujourd'hui inc.\"},\"image\":{\"@id\":\"https:\\\/\\\/portesetfenetresdaujourdhui.com\\\/en\\\/#\\\/schema\\\/logo\\\/image\\\/\"},\"sameAs\":[\"https:\\\/\\\/www.facebook.com\\\/Portes-et-Fenetres-DAujourdhui-inc-149018835148991\\\/\"]}]}<\/script>\n<!-- \/ Yoast SEO plugin. -->","yoast_head_json":{"title":"Patio Doors (Aluminum\/PVC) - Portes et fen\u00eatres d&#039;aujourd&#039;hui | D\u00e9taillant Fenplast Granby, Bromont","description":"Contact Portes et Fen\u00eatres d'Aujourd'hui for your aluminum\/PVC lift-and-slide patio door. We are located in Granby.","robots":{"index":"index","follow":"follow","max-snippet":"max-snippet:-1","max-image-preview":"max-image-preview:large","max-video-preview":"max-video-preview:-1"},"canonical":"https:\/\/portesetfenetresdaujourdhui.com\/en\/doors-granby\/patio-doors-aluminum-pvc\/","og_locale":"en_US","og_type":"article","og_title":"Patio Doors (Aluminum\/PVC) - Portes et fen\u00eatres d&#039;aujourd&#039;hui | D\u00e9taillant Fenplast Granby, Bromont","og_description":"Contact Portes et Fen\u00eatres d'Aujourd'hui for your aluminum\/PVC lift-and-slide patio door. We are located in Granby.","og_url":"https:\/\/portesetfenetresdaujourdhui.com\/en\/doors-granby\/patio-doors-aluminum-pvc\/","og_site_name":"Portes et fen\u00eatres d&#039;aujourd&#039;hui | D\u00e9taillant Fenplast Granby, Bromont","article_publisher":"https:\/\/www.facebook.com\/Portes-et-Fenetres-DAujourdhui-inc-149018835148991\/","article_modified_time":"2025-11-29T01:27:04+00:00","og_image":[{"width":1600,"height":421,"url":"https:\/\/portesetfenetresdaujourdhui.com\/wp-content\/uploads\/header.jpg","type":"image\/jpeg"}],"twitter_card":"summary_large_image","twitter_misc":{"Est. reading time":"1 minute"},"schema":{"@context":"https:\/\/schema.org","@graph":[{"@type":"WebPage","@id":"https:\/\/portesetfenetresdaujourdhui.com\/en\/doors-granby\/patio-doors-aluminum-pvc\/","url":"https:\/\/portesetfenetresdaujourdhui.com\/en\/doors-granby\/patio-doors-aluminum-pvc\/","name":"Patio Doors (Aluminum\/PVC) - Portes et fen\u00eatres d&#039;aujourd&#039;hui | D\u00e9taillant Fenplast Granby, Bromont","isPartOf":{"@id":"https:\/\/portesetfenetresdaujourdhui.com\/en\/#website"},"datePublished":"2025-05-01T15:14:36+00:00","dateModified":"2025-11-29T01:27:04+00:00","description":"Contact Portes et Fen\u00eatres d'Aujourd'hui for your aluminum\/PVC lift-and-slide patio door. We are located in Granby.","breadcrumb":{"@id":"https:\/\/portesetfenetresdaujourdhui.com\/en\/doors-granby\/patio-doors-aluminum-pvc\/#breadcrumb"},"inLanguage":"en-CA","potentialAction":[{"@type":"ReadAction","target":["https:\/\/portesetfenetresdaujourdhui.com\/en\/doors-granby\/patio-doors-aluminum-pvc\/"]}]},{"@type":"BreadcrumbList","@id":"https:\/\/portesetfenetresdaujourdhui.com\/en\/doors-granby\/patio-doors-aluminum-pvc\/#breadcrumb","itemListElement":[{"@type":"ListItem","position":1,"name":"Accueil","item":"https:\/\/portesetfenetresdaujourdhui.com\/en\/home\/"},{"@type":"ListItem","position":2,"name":"Doors","item":"https:\/\/portesetfenetresdaujourdhui.com\/en\/doors-granby\/"},{"@type":"ListItem","position":3,"name":"Patio Doors (Aluminum\/PVC)"}]},{"@type":"WebSite","@id":"https:\/\/portesetfenetresdaujourdhui.com\/en\/#website","url":"https:\/\/portesetfenetresdaujourdhui.com\/en\/","name":"Portes et fen\u00eatres d&#039;aujourd&#039;hui | D\u00e9taillant Fenplast Granby, Bromont","description":"Vente et installation de portes et fen\u00eatres","publisher":{"@id":"https:\/\/portesetfenetresdaujourdhui.com\/en\/#organization"},"potentialAction":[{"@type":"SearchAction","target":{"@type":"EntryPoint","urlTemplate":"https:\/\/portesetfenetresdaujourdhui.com\/en\/?s={search_term_string}"},"query-input":{"@type":"PropertyValueSpecification","valueRequired":true,"valueName":"search_term_string"}}],"inLanguage":"en-CA"},{"@type":"Organization","@id":"https:\/\/portesetfenetresdaujourdhui.com\/en\/#organization","name":"Portes & Fen\u00eatres D'Aujourd'hui inc.","url":"https:\/\/portesetfenetresdaujourdhui.com\/en\/","logo":{"@type":"ImageObject","inLanguage":"en-CA","@id":"https:\/\/portesetfenetresdaujourdhui.com\/en\/#\/schema\/logo\/image\/","url":"https:\/\/portesetfenetresdaujourdhui.com\/wp-content\/uploads\/logo-portes-fenetres-aujourdhui.png","contentUrl":"https:\/\/portesetfenetresdaujourdhui.com\/wp-content\/uploads\/logo-portes-fenetres-aujourdhui.png","width":459,"height":89,"caption":"Portes & Fen\u00eatres D'Aujourd'hui inc."},"image":{"@id":"https:\/\/portesetfenetresdaujourdhui.com\/en\/#\/schema\/logo\/image\/"},"sameAs":["https:\/\/www.facebook.com\/Portes-et-Fenetres-DAujourdhui-inc-149018835148991\/"]}]}},"_links":{"self":[{"href":"https:\/\/portesetfenetresdaujourdhui.com\/en\/wp-json\/wp\/v2\/pages\/7565","targetHints":{"allow":["GET"]}}],"collection":[{"href":"https:\/\/portesetfenetresdaujourdhui.com\/en\/wp-json\/wp\/v2\/pages"}],"about":[{"href":"https:\/\/portesetfenetresdaujourdhui.com\/en\/wp-json\/wp\/v2\/types\/page"}],"author":[{"embeddable":true,"href":"https:\/\/portesetfenetresdaujourdhui.com\/en\/wp-json\/wp\/v2\/users\/1"}],"replies":[{"embeddable":true,"href":"https:\/\/portesetfenetresdaujourdhui.com\/en\/wp-json\/wp\/v2\/comments?post=7565"}],"version-history":[{"count":0,"href":"https:\/\/portesetfenetresdaujourdhui.com\/en\/wp-json\/wp\/v2\/pages\/7565\/revisions"}],"up":[{"embeddable":true,"href":"https:\/\/portesetfenetresdaujourdhui.com\/en\/wp-json\/wp\/v2\/pages\/7523"}],"wp:attachment":[{"href":"https:\/\/portesetfenetresdaujourdhui.com\/en\/wp-json\/wp\/v2\/media?parent=7565"}],"curies":[{"name":"wp","href":"https:\/\/api.w.org\/{rel}","templated":true}]}}