{"id":7568,"date":"2025-09-24T10:19:59","date_gmt":"2025-09-24T14:19:59","guid":{"rendered":"https:\/\/portesetfenetresdaujourdhui.com\/doors\/entry-doors-aluminum\/"},"modified":"2025-11-28T21:31:01","modified_gmt":"2025-11-29T02:31:01","slug":"entry-doors-aluminum","status":"publish","type":"page","link":"https:\/\/portesetfenetresdaujourdhui.com\/en\/doors-granby\/entry-doors-aluminum\/","title":{"rendered":"Entry Doors (Aluminum)"},"content":{"rendered":"<section class=\"l-section wpb_row height_small\"><div class=\"l-section-h i-cf\"><div class=\"g-cols vc_row via_grid cols_2 laptops-cols_inherit tablets-cols_inherit mobiles-cols_1 valign_top type_default stacking_default\"><div class=\"wpb_column vc_column_container\"><div class=\"vc_column-inner\"><div class=\"wpb_text_column\"><div class=\"wpb_wrapper\"><h2>Aluminum Entry Doors<\/h2>\n<p>At <strong>PORTES ET FEN\u00caTRES D\u2019AUJOURD\u2019HUI<\/strong>, we believe that an entrance door should inspire wonder. According to our philosophy, every aluminum door is carefully designed and is defined by its style and durability.<\/p>\n<p>Our contemporary aluminum doors are available in a wide range of models and colors. Our flat-surface doors are precisely crafted and assembled using premium materials. They are then equipped with the best multi-point handles available on the market.<\/p>\n<p>Our systems combine sturdy aluminum frames, quality components, and impeccable craftsmanship. We apply strict quality control measures throughout the manufacturing and installation process, ensuring that every system can withstand the harshest weather conditions.<\/p>\n<\/div><\/div><div class=\"w-btn-wrapper align_none\"><a class=\"w-btn us-btn-style_3\" href=\"https:\/\/portesetfenetresdaujourdhui.com\/en\/contact-us\/\"><span class=\"w-btn-label\">Get a Quote<\/span><\/a><\/div><\/div><\/div><div class=\"wpb_column vc_column_container\"><div class=\"vc_column-inner\"><div class=\"w-image align_none\"><div class=\"w-image-h\"><img loading=\"lazy\" decoding=\"async\" width=\"1008\" height=\"663\" src=\"https:\/\/portesetfenetresdaujourdhui.com\/wp-content\/uploads\/alumSharp.png\" class=\"attachment-us_600_600 size-us_600_600\" alt=\"Installation de portes et fen\u00eatres par Portes &amp; Fen\u00eatres d&#039;Aujourd&#039;hui\" loading=\"lazy\" srcset=\"https:\/\/portesetfenetresdaujourdhui.com\/wp-content\/uploads\/alumSharp.png 1008w, https:\/\/portesetfenetresdaujourdhui.com\/wp-content\/uploads\/alumSharp-800x526.png 800w\" sizes=\"auto, (max-width: 1008px) 100vw, 1008px\" \/><\/div><\/div><\/div><\/div><\/div><\/div><\/section><section class=\"l-section wpb_row height_small width_full\"><div class=\"l-section-h i-cf\"><div class=\"g-cols vc_row via_grid cols_1 laptops-cols_inherit tablets-cols_inherit mobiles-cols_1 valign_top type_default stacking_default\"><div class=\"wpb_column vc_column_container\"><div class=\"vc_column-inner\"><section class=\"l-section wpb_row height_medium width_custom color_alternate\" style=\"--site-content-width:1200px;\"><div class=\"l-section-h i-cf\"><div class=\"g-cols vc_row via_grid cols_4 laptops-cols_inherit tablets-cols_inherit mobiles-cols_1 valign_top type_default stacking_default\"><div class=\"wpb_column vc_column_container\"><div class=\"vc_column-inner\"><div class=\"w-iconbox iconpos_top style_default color_primary align_center\"><div class=\"w-iconbox-icon\" style=\"font-size:3rem;\"><i class=\"fas fa-award\"><\/i><\/div><div class=\"w-iconbox-meta\"><h4 class=\"w-iconbox-title\">Certified products<\/h4><div class=\"w-iconbox-text\"><p>available in a variety of colors<\/p>\n<\/div><\/div><\/div><\/div><\/div><div class=\"wpb_column vc_column_container\"><div class=\"vc_column-inner\"><div class=\"w-iconbox iconpos_top style_default color_primary align_center\"><div class=\"w-iconbox-icon\" style=\"font-size:3rem;\"><i class=\"fas fa-store\"><\/i><\/div><div class=\"w-iconbox-meta\"><h4 class=\"w-iconbox-title\">Large showroom<\/h4><div class=\"w-iconbox-text\"><p>in Saint-Alphonse-de-Granby<\/p>\n<\/div><\/div><\/div><\/div><\/div><div class=\"wpb_column vc_column_container\"><div class=\"vc_column-inner\"><div class=\"w-iconbox iconpos_top style_default color_primary align_center\"><div class=\"w-iconbox-icon\" style=\"font-size:3rem;\"><i class=\"fas fa-heart\"><\/i><\/div><div class=\"w-iconbox-meta\"><h4 class=\"w-iconbox-title\">Family business<\/h4><div class=\"w-iconbox-text\"><p>established in 1991<\/p>\n<\/div><\/div><\/div><\/div><\/div><div class=\"wpb_column vc_column_container\"><div class=\"vc_column-inner\"><div class=\"w-iconbox iconpos_top style_default color_primary align_center\"><div class=\"w-iconbox-icon\" style=\"font-size:3rem;\"><i class=\"fas fa-key\"><\/i><\/div><div class=\"w-iconbox-meta\"><h4 class=\"w-iconbox-title\">Turnkey service<\/h4><div class=\"w-iconbox-text\"><p>adapted to your needs<\/p>\n<\/div><\/div><\/div><\/div><\/div><\/div><\/div><\/section>\n<\/div><\/div><\/div><\/div><\/section><section class=\"l-section wpb_row height_small\"><div class=\"l-section-h i-cf\"><div class=\"g-cols vc_row via_grid cols_1 laptops-cols_inherit tablets-cols_inherit mobiles-cols_1 valign_top type_default stacking_default\"><div class=\"wpb_column vc_column_container\"><div class=\"vc_column-inner\"><section class=\"l-section wpb_row height_auto width_full\"><div class=\"l-section-h i-cf\"><div class=\"g-cols vc_row via_grid cols_2-1 laptops-cols_inherit tablets-cols_inherit mobiles-cols_1 valign_top type_default stacking_default\"><div class=\"wpb_column vc_column_container\"><div class=\"vc_column-inner\"><div class=\"wpb_text_column\"><div class=\"wpb_wrapper\"><h2>Not ready for a quote? Let us inspire you\u2026<\/h2>\n<\/div><\/div><div class=\"wpb_text_column\"><div class=\"wpb_wrapper\"><p class=\"p1\"><b>Download the TOP 3 most popular models of 2025 \u2013 It\u2019s free!<\/b><\/p>\n<p class=\"p1\">In 2025, your facade deserves better than a standard door. Perfect for new construction or renovation.<\/p>\n<\/div><\/div><div class=\"w-btn-wrapper align_none\"><a class=\"w-btn us-btn-style_1\" target=\"_blank\" href=\"https:\/\/docs.google.com\/forms\/d\/e\/1FAIpQLSf3w8sWLeo9qT_GcKGUGrwtGMy4T0PUUHBYBy3puiLecxSw7Q\/viewform?usp=dialog\"><span class=\"w-btn-label\">Download here<\/span><\/a><\/div><\/div><\/div><div class=\"wpb_column vc_column_container\"><div class=\"vc_column-inner\"><div class=\"w-image align_none\"><a target=\"_blank\" href=\"https:\/\/docs.google.com\/forms\/d\/e\/1FAIpQLSf3w8sWLeo9qT_GcKGUGrwtGMy4T0PUUHBYBy3puiLecxSw7Q\/viewform?usp=dialog\" aria-label=\"thumbnail_Web LEAD2\" class=\"w-image-h\"><img loading=\"lazy\" decoding=\"async\" width=\"1080\" height=\"1080\" src=\"https:\/\/portesetfenetresdaujourdhui.com\/wp-content\/uploads\/thumbnail_Web-LEAD2.jpg\" class=\"attachment-full size-full\" alt=\"Top 3 designs de portes d&#039;entr\u00e9e\" loading=\"lazy\" srcset=\"https:\/\/portesetfenetresdaujourdhui.com\/wp-content\/uploads\/thumbnail_Web-LEAD2.jpg 1080w, https:\/\/portesetfenetresdaujourdhui.com\/wp-content\/uploads\/thumbnail_Web-LEAD2-600x600.jpg 600w, https:\/\/portesetfenetresdaujourdhui.com\/wp-content\/uploads\/thumbnail_Web-LEAD2-300x300.jpg 300w, https:\/\/portesetfenetresdaujourdhui.com\/wp-content\/uploads\/thumbnail_Web-LEAD2-800x800.jpg 800w\" sizes=\"auto, (max-width: 1080px) 100vw, 1080px\" \/><\/a><\/div><\/div><\/div><\/div><\/div><\/section>\n<\/div><\/div><\/div><\/div><\/section>\n","protected":false},"excerpt":{"rendered":"Aluminum Entry Doors At PORTES ET FEN\u00caTRES D\u2019AUJOURD\u2019HUI, we believe that an entrance door should inspire wonder. According to our philosophy, every aluminum door is carefully designed and is defined by its style and durability. Our contemporary aluminum doors are available in a wide range of models and colors. Our flat-surface doors are precisely crafted...","protected":false},"author":1,"featured_media":0,"parent":7523,"menu_order":0,"comment_status":"closed","ping_status":"closed","template":"","meta":{"_acf_changed":false,"footnotes":""},"class_list":["post-7568","page","type-page","status-publish","hentry"],"acf":[],"yoast_head":"<!-- This site is optimized with the Yoast SEO plugin v27.4 - https:\/\/yoast.com\/product\/yoast-seo-wordpress\/ -->\n<title>Entry Doors (Aluminum) - Portes et fen\u00eatres d&#039;aujourd&#039;hui | D\u00e9taillant Fenplast Granby, Bromont<\/title>\n<meta name=\"description\" content=\"Contemporary-style aluminum entry doors, designed with precision and high-end materials. Robustness, durability, and a wide variety of models and colors.\" \/>\n<meta name=\"robots\" content=\"index, follow, max-snippet:-1, max-image-preview:large, max-video-preview:-1\" \/>\n<link rel=\"canonical\" href=\"https:\/\/portesetfenetresdaujourdhui.com\/en\/doors-granby\/entry-doors-aluminum\/\" \/>\n<meta property=\"og:locale\" content=\"en_US\" \/>\n<meta property=\"og:type\" content=\"article\" \/>\n<meta property=\"og:title\" content=\"Entry Doors (Aluminum) - Portes et fen\u00eatres d&#039;aujourd&#039;hui | D\u00e9taillant Fenplast Granby, Bromont\" \/>\n<meta property=\"og:description\" content=\"Contemporary-style aluminum entry doors, designed with precision and high-end materials. Robustness, durability, and a wide variety of models and colors.\" \/>\n<meta property=\"og:url\" content=\"https:\/\/portesetfenetresdaujourdhui.com\/en\/doors-granby\/entry-doors-aluminum\/\" \/>\n<meta property=\"og:site_name\" content=\"Portes et fen\u00eatres d&#039;aujourd&#039;hui | D\u00e9taillant Fenplast Granby, Bromont\" \/>\n<meta property=\"article:publisher\" content=\"https:\/\/www.facebook.com\/Portes-et-Fenetres-DAujourdhui-inc-149018835148991\/\" \/>\n<meta property=\"article:modified_time\" content=\"2025-11-29T02:31:01+00:00\" \/>\n<meta property=\"og:image\" content=\"https:\/\/portesetfenetresdaujourdhui.com\/wp-content\/uploads\/header.jpg\" \/>\n\t<meta property=\"og:image:width\" content=\"1600\" \/>\n\t<meta property=\"og:image:height\" content=\"421\" \/>\n\t<meta property=\"og:image:type\" content=\"image\/jpeg\" \/>\n<meta name=\"twitter:card\" content=\"summary_large_image\" \/>\n<meta name=\"twitter:label1\" content=\"Est. reading time\" \/>\n\t<meta name=\"twitter:data1\" content=\"1 minute\" \/>\n<script type=\"application\/ld+json\" class=\"yoast-schema-graph\">{\"@context\":\"https:\\\/\\\/schema.org\",\"@graph\":[{\"@type\":\"WebPage\",\"@id\":\"https:\\\/\\\/portesetfenetresdaujourdhui.com\\\/en\\\/doors-granby\\\/entry-doors-aluminum\\\/\",\"url\":\"https:\\\/\\\/portesetfenetresdaujourdhui.com\\\/en\\\/doors-granby\\\/entry-doors-aluminum\\\/\",\"name\":\"Entry Doors (Aluminum) - Portes et fen\u00eatres d&#039;aujourd&#039;hui | D\u00e9taillant Fenplast Granby, Bromont\",\"isPartOf\":{\"@id\":\"https:\\\/\\\/portesetfenetresdaujourdhui.com\\\/en\\\/#website\"},\"datePublished\":\"2025-09-24T14:19:59+00:00\",\"dateModified\":\"2025-11-29T02:31:01+00:00\",\"description\":\"Contemporary-style aluminum entry doors, designed with precision and high-end materials. Robustness, durability, and a wide variety of models and colors.\",\"breadcrumb\":{\"@id\":\"https:\\\/\\\/portesetfenetresdaujourdhui.com\\\/en\\\/doors-granby\\\/entry-doors-aluminum\\\/#breadcrumb\"},\"inLanguage\":\"en-CA\",\"potentialAction\":[{\"@type\":\"ReadAction\",\"target\":[\"https:\\\/\\\/portesetfenetresdaujourdhui.com\\\/en\\\/doors-granby\\\/entry-doors-aluminum\\\/\"]}]},{\"@type\":\"BreadcrumbList\",\"@id\":\"https:\\\/\\\/portesetfenetresdaujourdhui.com\\\/en\\\/doors-granby\\\/entry-doors-aluminum\\\/#breadcrumb\",\"itemListElement\":[{\"@type\":\"ListItem\",\"position\":1,\"name\":\"Accueil\",\"item\":\"https:\\\/\\\/portesetfenetresdaujourdhui.com\\\/en\\\/home\\\/\"},{\"@type\":\"ListItem\",\"position\":2,\"name\":\"Doors\",\"item\":\"https:\\\/\\\/portesetfenetresdaujourdhui.com\\\/en\\\/doors-granby\\\/\"},{\"@type\":\"ListItem\",\"position\":3,\"name\":\"Entry Doors (Aluminum)\"}]},{\"@type\":\"WebSite\",\"@id\":\"https:\\\/\\\/portesetfenetresdaujourdhui.com\\\/en\\\/#website\",\"url\":\"https:\\\/\\\/portesetfenetresdaujourdhui.com\\\/en\\\/\",\"name\":\"Portes et fen\u00eatres d&#039;aujourd&#039;hui | D\u00e9taillant Fenplast Granby, Bromont\",\"description\":\"Vente et installation de portes et fen\u00eatres\",\"publisher\":{\"@id\":\"https:\\\/\\\/portesetfenetresdaujourdhui.com\\\/en\\\/#organization\"},\"potentialAction\":[{\"@type\":\"SearchAction\",\"target\":{\"@type\":\"EntryPoint\",\"urlTemplate\":\"https:\\\/\\\/portesetfenetresdaujourdhui.com\\\/en\\\/?s={search_term_string}\"},\"query-input\":{\"@type\":\"PropertyValueSpecification\",\"valueRequired\":true,\"valueName\":\"search_term_string\"}}],\"inLanguage\":\"en-CA\"},{\"@type\":\"Organization\",\"@id\":\"https:\\\/\\\/portesetfenetresdaujourdhui.com\\\/en\\\/#organization\",\"name\":\"Portes & Fen\u00eatres D'Aujourd'hui inc.\",\"url\":\"https:\\\/\\\/portesetfenetresdaujourdhui.com\\\/en\\\/\",\"logo\":{\"@type\":\"ImageObject\",\"inLanguage\":\"en-CA\",\"@id\":\"https:\\\/\\\/portesetfenetresdaujourdhui.com\\\/en\\\/#\\\/schema\\\/logo\\\/image\\\/\",\"url\":\"https:\\\/\\\/portesetfenetresdaujourdhui.com\\\/wp-content\\\/uploads\\\/logo-portes-fenetres-aujourdhui.png\",\"contentUrl\":\"https:\\\/\\\/portesetfenetresdaujourdhui.com\\\/wp-content\\\/uploads\\\/logo-portes-fenetres-aujourdhui.png\",\"width\":459,\"height\":89,\"caption\":\"Portes & Fen\u00eatres D'Aujourd'hui inc.\"},\"image\":{\"@id\":\"https:\\\/\\\/portesetfenetresdaujourdhui.com\\\/en\\\/#\\\/schema\\\/logo\\\/image\\\/\"},\"sameAs\":[\"https:\\\/\\\/www.facebook.com\\\/Portes-et-Fenetres-DAujourdhui-inc-149018835148991\\\/\"]}]}<\/script>\n<!-- \/ Yoast SEO plugin. -->","yoast_head_json":{"title":"Entry Doors (Aluminum) - Portes et fen\u00eatres d&#039;aujourd&#039;hui | D\u00e9taillant Fenplast Granby, Bromont","description":"Contemporary-style aluminum entry doors, designed with precision and high-end materials. Robustness, durability, and a wide variety of models and colors.","robots":{"index":"index","follow":"follow","max-snippet":"max-snippet:-1","max-image-preview":"max-image-preview:large","max-video-preview":"max-video-preview:-1"},"canonical":"https:\/\/portesetfenetresdaujourdhui.com\/en\/doors-granby\/entry-doors-aluminum\/","og_locale":"en_US","og_type":"article","og_title":"Entry Doors (Aluminum) - Portes et fen\u00eatres d&#039;aujourd&#039;hui | D\u00e9taillant Fenplast Granby, Bromont","og_description":"Contemporary-style aluminum entry doors, designed with precision and high-end materials. Robustness, durability, and a wide variety of models and colors.","og_url":"https:\/\/portesetfenetresdaujourdhui.com\/en\/doors-granby\/entry-doors-aluminum\/","og_site_name":"Portes et fen\u00eatres d&#039;aujourd&#039;hui | D\u00e9taillant Fenplast Granby, Bromont","article_publisher":"https:\/\/www.facebook.com\/Portes-et-Fenetres-DAujourdhui-inc-149018835148991\/","article_modified_time":"2025-11-29T02:31:01+00:00","og_image":[{"width":1600,"height":421,"url":"https:\/\/portesetfenetresdaujourdhui.com\/wp-content\/uploads\/header.jpg","type":"image\/jpeg"}],"twitter_card":"summary_large_image","twitter_misc":{"Est. reading time":"1 minute"},"schema":{"@context":"https:\/\/schema.org","@graph":[{"@type":"WebPage","@id":"https:\/\/portesetfenetresdaujourdhui.com\/en\/doors-granby\/entry-doors-aluminum\/","url":"https:\/\/portesetfenetresdaujourdhui.com\/en\/doors-granby\/entry-doors-aluminum\/","name":"Entry Doors (Aluminum) - Portes et fen\u00eatres d&#039;aujourd&#039;hui | D\u00e9taillant Fenplast Granby, Bromont","isPartOf":{"@id":"https:\/\/portesetfenetresdaujourdhui.com\/en\/#website"},"datePublished":"2025-09-24T14:19:59+00:00","dateModified":"2025-11-29T02:31:01+00:00","description":"Contemporary-style aluminum entry doors, designed with precision and high-end materials. Robustness, durability, and a wide variety of models and colors.","breadcrumb":{"@id":"https:\/\/portesetfenetresdaujourdhui.com\/en\/doors-granby\/entry-doors-aluminum\/#breadcrumb"},"inLanguage":"en-CA","potentialAction":[{"@type":"ReadAction","target":["https:\/\/portesetfenetresdaujourdhui.com\/en\/doors-granby\/entry-doors-aluminum\/"]}]},{"@type":"BreadcrumbList","@id":"https:\/\/portesetfenetresdaujourdhui.com\/en\/doors-granby\/entry-doors-aluminum\/#breadcrumb","itemListElement":[{"@type":"ListItem","position":1,"name":"Accueil","item":"https:\/\/portesetfenetresdaujourdhui.com\/en\/home\/"},{"@type":"ListItem","position":2,"name":"Doors","item":"https:\/\/portesetfenetresdaujourdhui.com\/en\/doors-granby\/"},{"@type":"ListItem","position":3,"name":"Entry Doors (Aluminum)"}]},{"@type":"WebSite","@id":"https:\/\/portesetfenetresdaujourdhui.com\/en\/#website","url":"https:\/\/portesetfenetresdaujourdhui.com\/en\/","name":"Portes et fen\u00eatres d&#039;aujourd&#039;hui | D\u00e9taillant Fenplast Granby, Bromont","description":"Vente et installation de portes et fen\u00eatres","publisher":{"@id":"https:\/\/portesetfenetresdaujourdhui.com\/en\/#organization"},"potentialAction":[{"@type":"SearchAction","target":{"@type":"EntryPoint","urlTemplate":"https:\/\/portesetfenetresdaujourdhui.com\/en\/?s={search_term_string}"},"query-input":{"@type":"PropertyValueSpecification","valueRequired":true,"valueName":"search_term_string"}}],"inLanguage":"en-CA"},{"@type":"Organization","@id":"https:\/\/portesetfenetresdaujourdhui.com\/en\/#organization","name":"Portes & Fen\u00eatres D'Aujourd'hui inc.","url":"https:\/\/portesetfenetresdaujourdhui.com\/en\/","logo":{"@type":"ImageObject","inLanguage":"en-CA","@id":"https:\/\/portesetfenetresdaujourdhui.com\/en\/#\/schema\/logo\/image\/","url":"https:\/\/portesetfenetresdaujourdhui.com\/wp-content\/uploads\/logo-portes-fenetres-aujourdhui.png","contentUrl":"https:\/\/portesetfenetresdaujourdhui.com\/wp-content\/uploads\/logo-portes-fenetres-aujourdhui.png","width":459,"height":89,"caption":"Portes & Fen\u00eatres D'Aujourd'hui inc."},"image":{"@id":"https:\/\/portesetfenetresdaujourdhui.com\/en\/#\/schema\/logo\/image\/"},"sameAs":["https:\/\/www.facebook.com\/Portes-et-Fenetres-DAujourdhui-inc-149018835148991\/"]}]}},"_links":{"self":[{"href":"https:\/\/portesetfenetresdaujourdhui.com\/en\/wp-json\/wp\/v2\/pages\/7568","targetHints":{"allow":["GET"]}}],"collection":[{"href":"https:\/\/portesetfenetresdaujourdhui.com\/en\/wp-json\/wp\/v2\/pages"}],"about":[{"href":"https:\/\/portesetfenetresdaujourdhui.com\/en\/wp-json\/wp\/v2\/types\/page"}],"author":[{"embeddable":true,"href":"https:\/\/portesetfenetresdaujourdhui.com\/en\/wp-json\/wp\/v2\/users\/1"}],"replies":[{"embeddable":true,"href":"https:\/\/portesetfenetresdaujourdhui.com\/en\/wp-json\/wp\/v2\/comments?post=7568"}],"version-history":[{"count":0,"href":"https:\/\/portesetfenetresdaujourdhui.com\/en\/wp-json\/wp\/v2\/pages\/7568\/revisions"}],"up":[{"embeddable":true,"href":"https:\/\/portesetfenetresdaujourdhui.com\/en\/wp-json\/wp\/v2\/pages\/7523"}],"wp:attachment":[{"href":"https:\/\/portesetfenetresdaujourdhui.com\/en\/wp-json\/wp\/v2\/media?parent=7568"}],"curies":[{"name":"wp","href":"https:\/\/api.w.org\/{rel}","templated":true}]}}