{"id":7571,"date":"2025-05-01T11:13:34","date_gmt":"2025-05-01T15:13:34","guid":{"rendered":"https:\/\/portesetfenetresdaujourdhui.com\/doors\/entry-doors-steel\/"},"modified":"2025-12-02T10:56:38","modified_gmt":"2025-12-02T15:56:38","slug":"entry-doors-steel","status":"publish","type":"page","link":"https:\/\/portesetfenetresdaujourdhui.com\/en\/doors-granby\/entry-doors-steel\/","title":{"rendered":"Entry Doors (Steel)"},"content":{"rendered":"<section class=\"l-section wpb_row height_small\"><div class=\"l-section-h i-cf\"><div class=\"g-cols vc_row via_grid cols_2 laptops-cols_inherit tablets-cols_inherit mobiles-cols_1 valign_top type_default stacking_default\"><div class=\"wpb_column vc_column_container\"><div class=\"vc_column-inner\"><h2 class=\"w-text\"><span class=\"w-text-h\"><span class=\"w-text-value\">Steel Entry Doors<\/span><\/span><\/h2><div class=\"wpb_text_column\"><div class=\"wpb_wrapper\"><p><strong>PORTES ET FEN\u00caTRES D&#8217;AUJOURD&#8217;HUI<\/strong> distributes <strong>steel doors<\/strong> for the residential and commercial market for over 35 years. Over these years, we have distinguished ourselves by always offering the highest quality steel doors from <strong>Fenplast<\/strong>, exceptional pre-assembly quality, and a manufacturing flexibility particularly appreciated in both renovation and new construction markets.<\/p>\n<p>We offer nearly <strong>20 standard colors <\/strong>for our steel doors.<\/p>\n<\/div><\/div><div class=\"w-btn-wrapper align_none\"><a class=\"w-btn us-btn-style_3\" href=\"https:\/\/portesetfenetresdaujourdhui.com\/en\/contact-us\/\"><span class=\"w-btn-label\">Get a Quote<\/span><\/a><\/div><\/div><\/div><div class=\"wpb_column vc_column_container\"><div class=\"vc_column-inner\"><div class=\"w-image align_none\"><div class=\"w-image-h\"><img loading=\"lazy\" decoding=\"async\" width=\"800\" height=\"534\" src=\"https:\/\/portesetfenetresdaujourdhui.com\/wp-content\/uploads\/porte-fenetres-acier-800x534.jpg\" class=\"attachment-us_800_0 size-us_800_0\" alt=\"Porte et fen\u00eatres en acier noire\" loading=\"lazy\" srcset=\"https:\/\/portesetfenetresdaujourdhui.com\/wp-content\/uploads\/porte-fenetres-acier-800x534.jpg 800w, https:\/\/portesetfenetresdaujourdhui.com\/wp-content\/uploads\/porte-fenetres-acier.jpg 1600w\" sizes=\"auto, (max-width: 800px) 100vw, 800px\" \/><\/div><\/div><\/div><\/div><\/div><\/div><\/section><section class=\"l-section wpb_row height_small width_full\"><div class=\"l-section-h i-cf\"><div class=\"g-cols vc_row via_grid cols_1 laptops-cols_inherit tablets-cols_inherit mobiles-cols_1 valign_top type_default stacking_default\"><div class=\"wpb_column vc_column_container\"><div class=\"vc_column-inner\"><section class=\"l-section wpb_row height_medium width_custom color_alternate\" style=\"--site-content-width:1200px;\"><div class=\"l-section-h i-cf\"><div class=\"g-cols vc_row via_grid cols_4 laptops-cols_inherit tablets-cols_inherit mobiles-cols_1 valign_top type_default stacking_default\"><div class=\"wpb_column vc_column_container\"><div class=\"vc_column-inner\"><div class=\"w-iconbox iconpos_top style_default color_primary align_center\"><div class=\"w-iconbox-icon\" style=\"font-size:3rem;\"><i class=\"fas fa-award\"><\/i><\/div><div class=\"w-iconbox-meta\"><h4 class=\"w-iconbox-title\">Certified products<\/h4><div class=\"w-iconbox-text\"><p>available in a variety of colors<\/p>\n<\/div><\/div><\/div><\/div><\/div><div class=\"wpb_column vc_column_container\"><div class=\"vc_column-inner\"><div class=\"w-iconbox iconpos_top style_default color_primary align_center\"><div class=\"w-iconbox-icon\" style=\"font-size:3rem;\"><i class=\"fas fa-store\"><\/i><\/div><div class=\"w-iconbox-meta\"><h4 class=\"w-iconbox-title\">Large showroom<\/h4><div class=\"w-iconbox-text\"><p>in Saint-Alphonse-de-Granby<\/p>\n<\/div><\/div><\/div><\/div><\/div><div class=\"wpb_column vc_column_container\"><div class=\"vc_column-inner\"><div class=\"w-iconbox iconpos_top style_default color_primary align_center\"><div class=\"w-iconbox-icon\" style=\"font-size:3rem;\"><i class=\"fas fa-heart\"><\/i><\/div><div class=\"w-iconbox-meta\"><h4 class=\"w-iconbox-title\">Family business<\/h4><div class=\"w-iconbox-text\"><p>established in 1991<\/p>\n<\/div><\/div><\/div><\/div><\/div><div class=\"wpb_column vc_column_container\"><div class=\"vc_column-inner\"><div class=\"w-iconbox iconpos_top style_default color_primary align_center\"><div class=\"w-iconbox-icon\" style=\"font-size:3rem;\"><i class=\"fas fa-key\"><\/i><\/div><div class=\"w-iconbox-meta\"><h4 class=\"w-iconbox-title\">Turnkey service<\/h4><div class=\"w-iconbox-text\"><p>adapted to your needs<\/p>\n<\/div><\/div><\/div><\/div><\/div><\/div><\/div><\/section>\n<\/div><\/div><\/div><\/div><\/section><section class=\"l-section wpb_row height_small\"><div class=\"l-section-h i-cf\"><div class=\"g-cols vc_row via_grid cols_1 laptops-cols_inherit tablets-cols_inherit mobiles-cols_1 valign_top type_default stacking_default\"><div class=\"wpb_column vc_column_container\"><div class=\"vc_column-inner\"><section class=\"l-section wpb_row height_auto width_full\"><div class=\"l-section-h i-cf\"><div class=\"g-cols vc_row via_grid cols_2-1 laptops-cols_inherit tablets-cols_inherit mobiles-cols_1 valign_top type_default stacking_default\"><div class=\"wpb_column vc_column_container\"><div class=\"vc_column-inner\"><div class=\"wpb_text_column\"><div class=\"wpb_wrapper\"><h2>Not ready for a quote? Let us inspire you\u2026<\/h2>\n<\/div><\/div><div class=\"wpb_text_column\"><div class=\"wpb_wrapper\"><p class=\"p1\"><b>Download the TOP 3 most popular models of 2025 \u2013 It\u2019s free!<\/b><\/p>\n<p class=\"p1\">In 2025, your facade deserves better than a standard door. Perfect for new construction or renovation.<\/p>\n<\/div><\/div><div class=\"w-btn-wrapper align_none\"><a class=\"w-btn us-btn-style_1\" target=\"_blank\" href=\"https:\/\/docs.google.com\/forms\/d\/e\/1FAIpQLSf3w8sWLeo9qT_GcKGUGrwtGMy4T0PUUHBYBy3puiLecxSw7Q\/viewform?usp=dialog\"><span class=\"w-btn-label\">Download here<\/span><\/a><\/div><\/div><\/div><div class=\"wpb_column vc_column_container\"><div class=\"vc_column-inner\"><div class=\"w-image align_none\"><a target=\"_blank\" href=\"https:\/\/docs.google.com\/forms\/d\/e\/1FAIpQLSf3w8sWLeo9qT_GcKGUGrwtGMy4T0PUUHBYBy3puiLecxSw7Q\/viewform?usp=dialog\" aria-label=\"thumbnail_Web LEAD2\" class=\"w-image-h\"><img loading=\"lazy\" decoding=\"async\" width=\"1080\" height=\"1080\" src=\"https:\/\/portesetfenetresdaujourdhui.com\/wp-content\/uploads\/thumbnail_Web-LEAD2.jpg\" class=\"attachment-full size-full\" alt=\"Top 3 designs de portes d&#039;entr\u00e9e\" loading=\"lazy\" srcset=\"https:\/\/portesetfenetresdaujourdhui.com\/wp-content\/uploads\/thumbnail_Web-LEAD2.jpg 1080w, https:\/\/portesetfenetresdaujourdhui.com\/wp-content\/uploads\/thumbnail_Web-LEAD2-600x600.jpg 600w, https:\/\/portesetfenetresdaujourdhui.com\/wp-content\/uploads\/thumbnail_Web-LEAD2-300x300.jpg 300w, https:\/\/portesetfenetresdaujourdhui.com\/wp-content\/uploads\/thumbnail_Web-LEAD2-800x800.jpg 800w\" sizes=\"auto, (max-width: 1080px) 100vw, 1080px\" \/><\/a><\/div><\/div><\/div><\/div><\/div><\/section>\n<\/div><\/div><\/div><\/div><\/section>\n","protected":false},"excerpt":{"rendered":"Steel Entry DoorsPORTES ET FEN\u00caTRES D&#8217;AUJOURD&#8217;HUI distributes steel doors for the residential and commercial market for over 35 years. Over these years, we have distinguished ourselves by always offering the highest quality steel doors from Fenplast, exceptional pre-assembly quality, and a manufacturing flexibility particularly appreciated in both renovation and new construction markets. We offer nearly...","protected":false},"author":1,"featured_media":0,"parent":7523,"menu_order":0,"comment_status":"closed","ping_status":"closed","template":"","meta":{"_acf_changed":false,"footnotes":""},"class_list":["post-7571","page","type-page","status-publish","hentry"],"acf":[],"yoast_head":"<!-- This site is optimized with the Yoast SEO plugin v27.4 - https:\/\/yoast.com\/product\/yoast-seo-wordpress\/ -->\n<title>Entry Doors (Steel) - Portes et fen\u00eatres d&#039;aujourd&#039;hui | D\u00e9taillant Fenplast Granby, Bromont<\/title>\n<meta name=\"description\" content=\"For over 35 years, Portes et Fen\u00eatres d&#039;Aujourd&#039;hui has been offering high-quality Fenplast steel doors, carefully pre-assembled and available in nearly 20 standard colors.\" \/>\n<meta name=\"robots\" content=\"index, follow, max-snippet:-1, max-image-preview:large, max-video-preview:-1\" \/>\n<link rel=\"canonical\" href=\"https:\/\/portesetfenetresdaujourdhui.com\/en\/doors-granby\/entry-doors-steel\/\" \/>\n<meta property=\"og:locale\" content=\"en_US\" \/>\n<meta property=\"og:type\" content=\"article\" \/>\n<meta property=\"og:title\" content=\"Entry Doors (Steel) - Portes et fen\u00eatres d&#039;aujourd&#039;hui | D\u00e9taillant Fenplast Granby, Bromont\" \/>\n<meta property=\"og:description\" content=\"For over 35 years, Portes et Fen\u00eatres d&#039;Aujourd&#039;hui has been offering high-quality Fenplast steel doors, carefully pre-assembled and available in nearly 20 standard colors.\" \/>\n<meta property=\"og:url\" content=\"https:\/\/portesetfenetresdaujourdhui.com\/en\/doors-granby\/entry-doors-steel\/\" \/>\n<meta property=\"og:site_name\" content=\"Portes et fen\u00eatres d&#039;aujourd&#039;hui | D\u00e9taillant Fenplast Granby, Bromont\" \/>\n<meta property=\"article:publisher\" content=\"https:\/\/www.facebook.com\/Portes-et-Fenetres-DAujourdhui-inc-149018835148991\/\" \/>\n<meta property=\"article:modified_time\" content=\"2025-12-02T15:56:38+00:00\" \/>\n<meta property=\"og:image\" content=\"https:\/\/portesetfenetresdaujourdhui.com\/wp-content\/uploads\/header.jpg\" \/>\n\t<meta property=\"og:image:width\" content=\"1600\" \/>\n\t<meta property=\"og:image:height\" content=\"421\" \/>\n\t<meta property=\"og:image:type\" content=\"image\/jpeg\" \/>\n<meta name=\"twitter:card\" content=\"summary_large_image\" \/>\n<meta name=\"twitter:label1\" content=\"Est. reading time\" \/>\n\t<meta name=\"twitter:data1\" content=\"1 minute\" \/>\n<script type=\"application\/ld+json\" class=\"yoast-schema-graph\">{\"@context\":\"https:\\\/\\\/schema.org\",\"@graph\":[{\"@type\":\"WebPage\",\"@id\":\"https:\\\/\\\/portesetfenetresdaujourdhui.com\\\/en\\\/doors-granby\\\/entry-doors-steel\\\/\",\"url\":\"https:\\\/\\\/portesetfenetresdaujourdhui.com\\\/en\\\/doors-granby\\\/entry-doors-steel\\\/\",\"name\":\"Entry Doors (Steel) - Portes et fen\u00eatres d&#039;aujourd&#039;hui | D\u00e9taillant Fenplast Granby, Bromont\",\"isPartOf\":{\"@id\":\"https:\\\/\\\/portesetfenetresdaujourdhui.com\\\/en\\\/#website\"},\"datePublished\":\"2025-05-01T15:13:34+00:00\",\"dateModified\":\"2025-12-02T15:56:38+00:00\",\"description\":\"For over 35 years, Portes et Fen\u00eatres d'Aujourd'hui has been offering high-quality Fenplast steel doors, carefully pre-assembled and available in nearly 20 standard colors.\",\"breadcrumb\":{\"@id\":\"https:\\\/\\\/portesetfenetresdaujourdhui.com\\\/en\\\/doors-granby\\\/entry-doors-steel\\\/#breadcrumb\"},\"inLanguage\":\"en-CA\",\"potentialAction\":[{\"@type\":\"ReadAction\",\"target\":[\"https:\\\/\\\/portesetfenetresdaujourdhui.com\\\/en\\\/doors-granby\\\/entry-doors-steel\\\/\"]}]},{\"@type\":\"BreadcrumbList\",\"@id\":\"https:\\\/\\\/portesetfenetresdaujourdhui.com\\\/en\\\/doors-granby\\\/entry-doors-steel\\\/#breadcrumb\",\"itemListElement\":[{\"@type\":\"ListItem\",\"position\":1,\"name\":\"Accueil\",\"item\":\"https:\\\/\\\/portesetfenetresdaujourdhui.com\\\/en\\\/home\\\/\"},{\"@type\":\"ListItem\",\"position\":2,\"name\":\"Doors\",\"item\":\"https:\\\/\\\/portesetfenetresdaujourdhui.com\\\/en\\\/doors-granby\\\/\"},{\"@type\":\"ListItem\",\"position\":3,\"name\":\"Entry Doors (Steel)\"}]},{\"@type\":\"WebSite\",\"@id\":\"https:\\\/\\\/portesetfenetresdaujourdhui.com\\\/en\\\/#website\",\"url\":\"https:\\\/\\\/portesetfenetresdaujourdhui.com\\\/en\\\/\",\"name\":\"Portes et fen\u00eatres d&#039;aujourd&#039;hui | D\u00e9taillant Fenplast Granby, Bromont\",\"description\":\"Vente et installation de portes et fen\u00eatres\",\"publisher\":{\"@id\":\"https:\\\/\\\/portesetfenetresdaujourdhui.com\\\/en\\\/#organization\"},\"potentialAction\":[{\"@type\":\"SearchAction\",\"target\":{\"@type\":\"EntryPoint\",\"urlTemplate\":\"https:\\\/\\\/portesetfenetresdaujourdhui.com\\\/en\\\/?s={search_term_string}\"},\"query-input\":{\"@type\":\"PropertyValueSpecification\",\"valueRequired\":true,\"valueName\":\"search_term_string\"}}],\"inLanguage\":\"en-CA\"},{\"@type\":\"Organization\",\"@id\":\"https:\\\/\\\/portesetfenetresdaujourdhui.com\\\/en\\\/#organization\",\"name\":\"Portes & Fen\u00eatres D'Aujourd'hui inc.\",\"url\":\"https:\\\/\\\/portesetfenetresdaujourdhui.com\\\/en\\\/\",\"logo\":{\"@type\":\"ImageObject\",\"inLanguage\":\"en-CA\",\"@id\":\"https:\\\/\\\/portesetfenetresdaujourdhui.com\\\/en\\\/#\\\/schema\\\/logo\\\/image\\\/\",\"url\":\"https:\\\/\\\/portesetfenetresdaujourdhui.com\\\/wp-content\\\/uploads\\\/logo-portes-fenetres-aujourdhui.png\",\"contentUrl\":\"https:\\\/\\\/portesetfenetresdaujourdhui.com\\\/wp-content\\\/uploads\\\/logo-portes-fenetres-aujourdhui.png\",\"width\":459,\"height\":89,\"caption\":\"Portes & Fen\u00eatres D'Aujourd'hui inc.\"},\"image\":{\"@id\":\"https:\\\/\\\/portesetfenetresdaujourdhui.com\\\/en\\\/#\\\/schema\\\/logo\\\/image\\\/\"},\"sameAs\":[\"https:\\\/\\\/www.facebook.com\\\/Portes-et-Fenetres-DAujourdhui-inc-149018835148991\\\/\"]}]}<\/script>\n<!-- \/ Yoast SEO plugin. -->","yoast_head_json":{"title":"Entry Doors (Steel) - Portes et fen\u00eatres d&#039;aujourd&#039;hui | D\u00e9taillant Fenplast Granby, Bromont","description":"For over 35 years, Portes et Fen\u00eatres d'Aujourd'hui has been offering high-quality Fenplast steel doors, carefully pre-assembled and available in nearly 20 standard colors.","robots":{"index":"index","follow":"follow","max-snippet":"max-snippet:-1","max-image-preview":"max-image-preview:large","max-video-preview":"max-video-preview:-1"},"canonical":"https:\/\/portesetfenetresdaujourdhui.com\/en\/doors-granby\/entry-doors-steel\/","og_locale":"en_US","og_type":"article","og_title":"Entry Doors (Steel) - Portes et fen\u00eatres d&#039;aujourd&#039;hui | D\u00e9taillant Fenplast Granby, Bromont","og_description":"For over 35 years, Portes et Fen\u00eatres d'Aujourd'hui has been offering high-quality Fenplast steel doors, carefully pre-assembled and available in nearly 20 standard colors.","og_url":"https:\/\/portesetfenetresdaujourdhui.com\/en\/doors-granby\/entry-doors-steel\/","og_site_name":"Portes et fen\u00eatres d&#039;aujourd&#039;hui | D\u00e9taillant Fenplast Granby, Bromont","article_publisher":"https:\/\/www.facebook.com\/Portes-et-Fenetres-DAujourdhui-inc-149018835148991\/","article_modified_time":"2025-12-02T15:56:38+00:00","og_image":[{"width":1600,"height":421,"url":"https:\/\/portesetfenetresdaujourdhui.com\/wp-content\/uploads\/header.jpg","type":"image\/jpeg"}],"twitter_card":"summary_large_image","twitter_misc":{"Est. reading time":"1 minute"},"schema":{"@context":"https:\/\/schema.org","@graph":[{"@type":"WebPage","@id":"https:\/\/portesetfenetresdaujourdhui.com\/en\/doors-granby\/entry-doors-steel\/","url":"https:\/\/portesetfenetresdaujourdhui.com\/en\/doors-granby\/entry-doors-steel\/","name":"Entry Doors (Steel) - Portes et fen\u00eatres d&#039;aujourd&#039;hui | D\u00e9taillant Fenplast Granby, Bromont","isPartOf":{"@id":"https:\/\/portesetfenetresdaujourdhui.com\/en\/#website"},"datePublished":"2025-05-01T15:13:34+00:00","dateModified":"2025-12-02T15:56:38+00:00","description":"For over 35 years, Portes et Fen\u00eatres d'Aujourd'hui has been offering high-quality Fenplast steel doors, carefully pre-assembled and available in nearly 20 standard colors.","breadcrumb":{"@id":"https:\/\/portesetfenetresdaujourdhui.com\/en\/doors-granby\/entry-doors-steel\/#breadcrumb"},"inLanguage":"en-CA","potentialAction":[{"@type":"ReadAction","target":["https:\/\/portesetfenetresdaujourdhui.com\/en\/doors-granby\/entry-doors-steel\/"]}]},{"@type":"BreadcrumbList","@id":"https:\/\/portesetfenetresdaujourdhui.com\/en\/doors-granby\/entry-doors-steel\/#breadcrumb","itemListElement":[{"@type":"ListItem","position":1,"name":"Accueil","item":"https:\/\/portesetfenetresdaujourdhui.com\/en\/home\/"},{"@type":"ListItem","position":2,"name":"Doors","item":"https:\/\/portesetfenetresdaujourdhui.com\/en\/doors-granby\/"},{"@type":"ListItem","position":3,"name":"Entry Doors (Steel)"}]},{"@type":"WebSite","@id":"https:\/\/portesetfenetresdaujourdhui.com\/en\/#website","url":"https:\/\/portesetfenetresdaujourdhui.com\/en\/","name":"Portes et fen\u00eatres d&#039;aujourd&#039;hui | D\u00e9taillant Fenplast Granby, Bromont","description":"Vente et installation de portes et fen\u00eatres","publisher":{"@id":"https:\/\/portesetfenetresdaujourdhui.com\/en\/#organization"},"potentialAction":[{"@type":"SearchAction","target":{"@type":"EntryPoint","urlTemplate":"https:\/\/portesetfenetresdaujourdhui.com\/en\/?s={search_term_string}"},"query-input":{"@type":"PropertyValueSpecification","valueRequired":true,"valueName":"search_term_string"}}],"inLanguage":"en-CA"},{"@type":"Organization","@id":"https:\/\/portesetfenetresdaujourdhui.com\/en\/#organization","name":"Portes & Fen\u00eatres D'Aujourd'hui inc.","url":"https:\/\/portesetfenetresdaujourdhui.com\/en\/","logo":{"@type":"ImageObject","inLanguage":"en-CA","@id":"https:\/\/portesetfenetresdaujourdhui.com\/en\/#\/schema\/logo\/image\/","url":"https:\/\/portesetfenetresdaujourdhui.com\/wp-content\/uploads\/logo-portes-fenetres-aujourdhui.png","contentUrl":"https:\/\/portesetfenetresdaujourdhui.com\/wp-content\/uploads\/logo-portes-fenetres-aujourdhui.png","width":459,"height":89,"caption":"Portes & Fen\u00eatres D'Aujourd'hui inc."},"image":{"@id":"https:\/\/portesetfenetresdaujourdhui.com\/en\/#\/schema\/logo\/image\/"},"sameAs":["https:\/\/www.facebook.com\/Portes-et-Fenetres-DAujourdhui-inc-149018835148991\/"]}]}},"_links":{"self":[{"href":"https:\/\/portesetfenetresdaujourdhui.com\/en\/wp-json\/wp\/v2\/pages\/7571","targetHints":{"allow":["GET"]}}],"collection":[{"href":"https:\/\/portesetfenetresdaujourdhui.com\/en\/wp-json\/wp\/v2\/pages"}],"about":[{"href":"https:\/\/portesetfenetresdaujourdhui.com\/en\/wp-json\/wp\/v2\/types\/page"}],"author":[{"embeddable":true,"href":"https:\/\/portesetfenetresdaujourdhui.com\/en\/wp-json\/wp\/v2\/users\/1"}],"replies":[{"embeddable":true,"href":"https:\/\/portesetfenetresdaujourdhui.com\/en\/wp-json\/wp\/v2\/comments?post=7571"}],"version-history":[{"count":2,"href":"https:\/\/portesetfenetresdaujourdhui.com\/en\/wp-json\/wp\/v2\/pages\/7571\/revisions"}],"predecessor-version":[{"id":8813,"href":"https:\/\/portesetfenetresdaujourdhui.com\/en\/wp-json\/wp\/v2\/pages\/7571\/revisions\/8813"}],"up":[{"embeddable":true,"href":"https:\/\/portesetfenetresdaujourdhui.com\/en\/wp-json\/wp\/v2\/pages\/7523"}],"wp:attachment":[{"href":"https:\/\/portesetfenetresdaujourdhui.com\/en\/wp-json\/wp\/v2\/media?parent=7571"}],"curies":[{"name":"wp","href":"https:\/\/api.w.org\/{rel}","templated":true}]}}